{"id":152,"date":"2025-06-01T08:32:07","date_gmt":"2025-06-01T06:32:07","guid":{"rendered":"https:\/\/legabiandechaine.com\/blog\/?page_id=152"},"modified":"2025-06-01T08:41:52","modified_gmt":"2025-06-01T06:41:52","slug":"video-a-base-de-films-super-8-numerisesfilme-par-le-pere-de-yves-cinque-1970","status":"publish","type":"page","link":"https:\/\/legabiandechaine.com\/blog\/index.php\/video-a-base-de-films-super-8-numerisesfilme-par-le-pere-de-yves-cinque-1970\/","title":{"rendered":"Vid\u00e9os de Cassis, 1970"},"content":{"rendered":"\n<p>Vid\u00e9o \u00e0 base de films Super 8 num\u00e9ris\u00e9s, Film\u00e9 par le p\u00e8re de Yves Cinque ! <br>(Cassis dans les ann\u00e9es 1970)<\/p>\n\n\n\n<figure class=\"wp-block-video\"><video height=\"720\" style=\"aspect-ratio: 1280 \/ 720;\" width=\"1280\" controls src=\"https:\/\/legabiandechaine.com\/blog\/wp-content\/uploads\/2025\/06\/pecheurs.mp4\"><\/video><\/figure>\n\n\n\n<p><\/p>\n\n\n\n<p>Vid\u00e9o \u00e0 base de films super8 qui m\u2019a \u00e9t\u00e9 confi\u00e9 par Yves Cinque\u2026 Films de son p\u00e8re Marius. <br>\u2013 S\u00e9quence \u00e9motion pour nombre d\u2019entre vous\u00a0<br>Merci Yves,<\/p>\n","protected":false},"excerpt":{"rendered":"<p>Vid\u00e9o \u00e0 base de films Super 8 num\u00e9ris\u00e9s, Film\u00e9 par le p\u00e8re de Yves Cinque ! (Cassis dans les ann\u00e9es 1970) Vid\u00e9o \u00e0 base de films super8 qui m\u2019a \u00e9t\u00e9 confi\u00e9 par Yves Cinque\u2026 Films de son p\u00e8re Marius. \u2013 S\u00e9quence \u00e9motion pour nombre d\u2019entre vous\u00a0Merci Yves,<\/p>\n","protected":false},"author":2,"featured_media":0,"parent":0,"menu_order":0,"comment_status":"closed","ping_status":"closed","template":"","meta":{"footnotes":""},"class_list":["post-152","page","type-page","status-publish","hentry"],"_links":{"self":[{"href":"https:\/\/legabiandechaine.com\/blog\/index.php\/wp-json\/wp\/v2\/pages\/152","targetHints":{"allow":["GET"]}}],"collection":[{"href":"https:\/\/legabiandechaine.com\/blog\/index.php\/wp-json\/wp\/v2\/pages"}],"about":[{"href":"https:\/\/legabiandechaine.com\/blog\/index.php\/wp-json\/wp\/v2\/types\/page"}],"author":[{"embeddable":true,"href":"https:\/\/legabiandechaine.com\/blog\/index.php\/wp-json\/wp\/v2\/users\/2"}],"replies":[{"embeddable":true,"href":"https:\/\/legabiandechaine.com\/blog\/index.php\/wp-json\/wp\/v2\/comments?post=152"}],"version-history":[{"count":6,"href":"https:\/\/legabiandechaine.com\/blog\/index.php\/wp-json\/wp\/v2\/pages\/152\/revisions"}],"predecessor-version":[{"id":162,"href":"https:\/\/legabiandechaine.com\/blog\/index.php\/wp-json\/wp\/v2\/pages\/152\/revisions\/162"}],"wp:attachment":[{"href":"https:\/\/legabiandechaine.com\/blog\/index.php\/wp-json\/wp\/v2\/media?parent=152"}],"curies":[{"name":"wp","href":"https:\/\/api.w.org\/{rel}","templated":true}]}}