{"id":22,"date":"2025-05-26T16:37:00","date_gmt":"2025-05-26T14:37:00","guid":{"rendered":"http:\/\/legabib.cluster100.hosting.ovh.net\/blog\/?page_id=22"},"modified":"2025-05-28T12:07:43","modified_gmt":"2025-05-28T10:07:43","slug":"cassis-les-boues-rouges-depuis-les-annees-60","status":"publish","type":"page","link":"https:\/\/legabiandechaine.com\/blog\/index.php\/cassis-les-boues-rouges-depuis-les-annees-60\/","title":{"rendered":"Cassis, les Boues Rouges depuis les ann\u00e9es 60"},"content":{"rendered":"\n<p><\/p>\n\n\n\n<p>1 septembre 2015<\/p>\n\n\n\n<p>Par arr\u00eat\u00e9 portant organisation d\u2019une enqu\u00eate publique unique concernant les demandes formul\u00e9es par :<br>a) la soci\u00e9t\u00e9 ALTEO GARDANNE pour l\u2019autorisation de modification des conditions d\u2019exploitation de l\u2019usine d\u2019alumines situ\u00e9e sur la commune de Gardanne incluant :<\/p>\n\n\n\n<p>l\u2019arr\u00eat au 31 d\u00e9cembre 2015 du rejet actuel de r\u00e9sidus solides (boues rouges) par un \u00e9missaire en mer M\u00e9diterran\u00e9e au large de Cassis aboutissant en t\u00eate du canyon de la Cassidaigne dans le c\u0153ur marin du Parc National des Calanques,<br>la poursuite \u00e0 compter du 1er janvier 2016 d\u2019un rejet d\u2019effluents liquides (eaux de proc\u00e9d\u00e9, eaux utilitaires, eau brute et eaux pluviales) par le m\u00eame \u00e9missaire,<\/p>\n\n\n\n<p>b) la soci\u00e9t\u00e9 ALUMINIUM PECHINEY pour la concession d\u2019utilisation du Domaine Public Maritime sur la commune de Cassis, concernant les canalisations, les c\u00e2bles de protection cathodique et mat\u00e9riels et am\u00e9nagements annexes n\u00e9cessaires \u00e0 l\u2019activit\u00e9 et \u00e0 la poursuite du rejet en mer des eaux trait\u00e9es.<\/p>\n\n\n\n<p>Un certain nombre de p\u00e9tition circule \u00e9galement, de nombreuses associations demandent l\u2019arr\u00eat total des rejets industriels \u00e9pais et liquides de l\u2019usine de fabrication d\u2019alumine de Gardanne, qui se d\u00e9versent dans le canyon de Cassidaigne, \u00e0 7 km au large de Cassis et qui engendrent une pollution intol\u00e9rable dans la partie marine du Parc National des Calanques.<\/p>\n\n\n\n<figure class=\"wp-block-image size-full\"><img loading=\"lazy\" decoding=\"async\" width=\"1000\" height=\"667\" src=\"http:\/\/legabib.cluster100.hosting.ovh.net\/blog\/wp-content\/uploads\/2025\/05\/bouesrouges1.jpg\" alt=\"\" class=\"wp-image-23\" srcset=\"https:\/\/legabiandechaine.com\/blog\/wp-content\/uploads\/2025\/05\/bouesrouges1.jpg 1000w, https:\/\/legabiandechaine.com\/blog\/wp-content\/uploads\/2025\/05\/bouesrouges1-300x200.jpg 300w, https:\/\/legabiandechaine.com\/blog\/wp-content\/uploads\/2025\/05\/bouesrouges1-768x512.jpg 768w\" sizes=\"auto, (max-width: 1000px) 100vw, 1000px\" \/><\/figure>\n\n\n\n<p>&nbsp;<strong>un peu d\u2019histoire<\/strong>&nbsp;\u2014\u2014\u2014\u2014\u2014\u2014\u2014\u2013<\/p>\n\n\n\n<p>Au d\u00e9but : 1963, manifestation \u00e0 Cassis contre le projet des boues rouges.<\/p>\n\n\n\n<figure class=\"wp-block-image size-full\"><img loading=\"lazy\" decoding=\"async\" width=\"700\" height=\"695\" src=\"http:\/\/legabib.cluster100.hosting.ovh.net\/blog\/wp-content\/uploads\/2025\/05\/1960manifestation-contre-bouesrouges.jpg\" alt=\"\" class=\"wp-image-24\" srcset=\"https:\/\/legabiandechaine.com\/blog\/wp-content\/uploads\/2025\/05\/1960manifestation-contre-bouesrouges.jpg 700w, https:\/\/legabiandechaine.com\/blog\/wp-content\/uploads\/2025\/05\/1960manifestation-contre-bouesrouges-300x298.jpg 300w, https:\/\/legabiandechaine.com\/blog\/wp-content\/uploads\/2025\/05\/1960manifestation-contre-bouesrouges-150x150.jpg 150w\" sizes=\"auto, (max-width: 700px) 100vw, 700px\" \/><\/figure>\n\n\n\n<p>Lors du meeting \u00e0 Cassis du dimanche 12 septembre 1965 \u2013 Monsieur Edmond GARCIN d\u00e9put\u00e9-maire et conseiller g\u00e9n\u00e9ral d\u2019Aubagne, explique aux personnes pr\u00e9sentes, son action ) l\u2019assembl\u00e9e nationale contre les \u00ab\u00a0Boues Rouges\u00a0\u00bb<\/p>\n\n\n\n<figure class=\"wp-block-image size-large\"><img loading=\"lazy\" decoding=\"async\" width=\"1024\" height=\"746\" src=\"http:\/\/legabib.cluster100.hosting.ovh.net\/blog\/wp-content\/uploads\/2025\/05\/meeting-Cassis-12septembre1963-1024x746.jpg\" alt=\"\" class=\"wp-image-25\" srcset=\"https:\/\/legabiandechaine.com\/blog\/wp-content\/uploads\/2025\/05\/meeting-Cassis-12septembre1963-1024x746.jpg 1024w, https:\/\/legabiandechaine.com\/blog\/wp-content\/uploads\/2025\/05\/meeting-Cassis-12septembre1963-300x219.jpg 300w, https:\/\/legabiandechaine.com\/blog\/wp-content\/uploads\/2025\/05\/meeting-Cassis-12septembre1963-768x560.jpg 768w, https:\/\/legabiandechaine.com\/blog\/wp-content\/uploads\/2025\/05\/meeting-Cassis-12septembre1963.jpg 1400w\" sizes=\"auto, (max-width: 1024px) 100vw, 1024px\" \/><\/figure>\n\n\n\n<p>Autre manifestation contre les boues rouges 1964 (avec Alain Bombard \u00e0 la tribune)<\/p>\n\n\n\n<figure class=\"wp-block-image size-large\"><img loading=\"lazy\" decoding=\"async\" width=\"1024\" height=\"707\" src=\"http:\/\/legabib.cluster100.hosting.ovh.net\/blog\/wp-content\/uploads\/2025\/05\/1964boues-rouges-alain-Bombard-1024x707.jpg\" alt=\"\" class=\"wp-image-26\" srcset=\"https:\/\/legabiandechaine.com\/blog\/wp-content\/uploads\/2025\/05\/1964boues-rouges-alain-Bombard-1024x707.jpg 1024w, https:\/\/legabiandechaine.com\/blog\/wp-content\/uploads\/2025\/05\/1964boues-rouges-alain-Bombard-300x207.jpg 300w, https:\/\/legabiandechaine.com\/blog\/wp-content\/uploads\/2025\/05\/1964boues-rouges-alain-Bombard-768x531.jpg 768w, https:\/\/legabiandechaine.com\/blog\/wp-content\/uploads\/2025\/05\/1964boues-rouges-alain-Bombard.jpg 1200w\" sizes=\"auto, (max-width: 1024px) 100vw, 1024px\" \/><\/figure>\n\n\n\n<p>Dossier ouvert le 15\/04\/2001<br><em>Mise \u00e0 jour le :\u00a0lundi 25 novembre 2002<\/em><br><br><\/p>\n\n\n\n<figure class=\"wp-block-image size-full\"><img loading=\"lazy\" decoding=\"async\" width=\"500\" height=\"338\" src=\"http:\/\/legabib.cluster100.hosting.ovh.net\/blog\/wp-content\/uploads\/2025\/05\/plan.gif\" alt=\"\" class=\"wp-image-27\"\/><\/figure>\n\n\n\n<p><strong>Les Boues Rouges ?<\/strong><\/p>\n\n\n\n<p>Il y a quelques jours, nous disions : Si Cassis perdait son Port, \u00e0 ce moment la, \u00ab\u00a0Cassis perdrait son \u00e2me\u00a0\u00bb !<br>En attendant les pourparlers et les tractations en cours, sur le sujet du port, ne devrions nous pas porter un regard sur nos belles calanques, et entre autres, avec les mots interdits \u00a0\u00bb&nbsp;<strong>Les Boues Rouges<\/strong>&nbsp;\u00a0\u00bb ?<\/p>\n\n\n\n<p><\/p>\n\n\n\n<p>Tout ce qui est sous l&rsquo;eau ne se voit pas, donc personne n&rsquo;en parle&#8230; mais gare si un jour \u00e7a p\u00e8te !<br>&#8211; Louis XIV est-il au fait de ce probl\u00e8me ? ou y a t&rsquo;il l\u00e0, quelques proches qui poussent sa majest\u00e9 \u00e0 laisser tomber, sous pr\u00e9texte que c&rsquo;est trop d&#8217;emmerde !<br>Le Maire, va t&rsquo;il nous r\u00e9pondre&#8230; ?<br>C&rsquo;est un dossier, dont le probl\u00e8me est essentiellement politique !<br>J&rsquo;ai aujourd&rsquo;hui, des infos, mais avez-vous aussi mati\u00e8re \u00e0 pr\u00e9ciser l&rsquo;historique, et les risques ?<\/p>\n\n\n\n<p>Temps qu&rsquo;on y est ! Autant porter tout d&rsquo;un bloc sur la place publique, (pas seulement ce qui peu profiter \u00e0 certains) et bient\u00f4t si nous voulons, nous pourrons \u00eatres fiers de brandir le pavillon (bleu, noir ou rouge ?)<\/p>\n\n\n\n<p><a href=\"http:\/\/www.cassis-forum.com\/dossier_old\/bouesrougespress.htm\"><u>Voir la presse sur le sujet&#8230;<\/u><\/a><\/p>\n\n\n\n<p>&#8211; Que peut-on proposer aujourd&rsquo;hui 25 novembre 2002&#8230; comme r\u00e9ponse \u00e0 :<br>&#8211;&nbsp;O\u00f9 en est-on avec les boues rouges ?<br>En tr\u00e8s r\u00e9sum\u00e9 bien s\u00fbr \u00e0 moins que du nouveau (inconnu) soit intervenu depuis, on en est toujours \u00e0 ce qui avait \u00e9t\u00e9 sign\u00e9 par les maires directement concern\u00e9s, ceux de Gardanne, Aubagne et Cassis (pour l&rsquo;essentiel), ainsi que par la St\u00e9 P\u00e9chiney.<br>&#8211; Ces accords \u00e9taient les suivants :<br>&#8211; Efforts de recherche de P\u00e9chiney pour trouver des utilisations \u00a0\u00bb terrestres\u00a0\u00bb des r\u00e9sidus de la production d&rsquo;alumine.<br>&#8211; Efforts des m\u00eames pour d\u00e9couvrir des techniques de production donnant moins de r\u00e9sidus.<br>&#8211; Cessation d\u00e9finitive des rejets en mer (pas seulement en baie de Cassis) en l&rsquo;ann\u00e9e 2015 , quel que soit le tonnage devant \u00eatre rejet\u00e9 \u00e0 cette date, c&rsquo;est-\u00e0-dire m\u00eame si, gr\u00e2ce \u00e0 la recherche ou pour toute autre raison , ce tonnage \u00e9tait devenu tr\u00e8s inf\u00e9rieur.<br>&#8211; Il faut signaler que le rejet a d\u00e9j\u00e0 \u00e9t\u00e9 tr\u00e8s fortement diminu\u00e9 par comparaison \u00e0 celui de l&rsquo;origine : 300.000 tonnes de BOUES LIQUIDES contre 900.000 \u00e0 l&rsquo;\u00e9poque.<\/p>\n\n\n\n<p>Jeudi 3 mai 2001 \u00e0 20 H 10<br><strong>Une loi pour la mer en danger ?<br>du d\u00e9put\u00e9 Bernard Deflesselles !<\/strong><\/p>\n\n\n\n<p>Nous sommes justement sur le dossier des boues rouges, et (co\u00efncidence) dans ma boite aux lettres, je trouve une info de derni\u00e8re minute de notre d\u00e9put\u00e9 Bernard Deflesselles d&rsquo;Aubagne, qui nous fait l&rsquo;article sur sa proposition de r\u00e9former nos lois, pour qu&rsquo;elles soient plus r\u00e9pressives \u00e0 l&rsquo;encontre des pollueurs maritimes !<br>Je vous passe les d\u00e9tails\u2026 En r\u00e9sum\u00e9, il souhaite agir et agir vite sur la lenteur des pouvoirs publics \u00e0 consid\u00e9rer nos c\u00f4tes et la mer comme un probl\u00e8me vital d&rsquo;un futur proche !<br>\u00c7a c&rsquo;est tr\u00e8s bien !<br>Sa r\u00e9forme me semblerait parfaite, si elle ne parlait pas uniquement des navires-poubelle d&rsquo;industriels \u00e9trangers faisant suite aux catastrophes des chimiquiers comme celles de l&rsquo;Erika, du Ievoli ou du Balu en mars dernier !<br>Certes, Ils sont des pollueurs actifs, mais pas les seuls !<br>Les futurs sinistres \u00e9cologiques sur nos c\u00f4tes, sont aussi un risque des industriels fran\u00e7ais terrestres, qui rejettent (ici) des boues rouges dans des conditions de s\u00e9curit\u00e9 que nous ignorons !<br>Donner aux industriels, la possibilit\u00e9 d&rsquo;obtenir une d\u00e9l\u00e9gation de service public pour la gestion de nos ports en est une autre.<\/p>\n\n\n\n<p>Je me ferai donc le porte-parole du forum, pour lui demander, d&rsquo;ajouter, de ne pas oublier les vieux tuyaux qu ils ont pos\u00e9 sur le fond de notre baie (p\u00e9chiney), et qui me semblent tr\u00e8s vieux pour ne pas dire dangereux !<br>Demandons d\u00e9j\u00e0 des indemnit\u00e9s pour la commune ! pourquoi pas ?<br><br>Venez ami d\u00e9put\u00e9, parler \u00e9cologie, mais pas qu&rsquo;en surface, jusqu&rsquo;au fond !<br>L&rsquo;expression Cassidaine est pr\u00e9pond\u00e9rante sur le forum, et c&rsquo;est l&rsquo;actualit\u00e9 qui nous emm\u00e8ne \u00e0 affirmer nos interrogations et poser les questions sur des sujets o\u00f9 nos \u00e9lus font parfois la sourde oreille !<br>La d\u00e9fense de CASSIS, l&rsquo;\u00e9cologie \u00e9l\u00e9mentaire n\u00e9cessaire au village et \u00e0 la mer qui la borde, font partie de notre raison d&rsquo;\u00eatre.<br>Ne laissons pas faire les pollueurs de nos \u00e2mes et de notre environnement !<br><strong>Paul Truchon<\/strong><\/p>\n\n\n\n<p>vendredi 4 mai 2001 \u00e0 14 H 10<br>Bonjour,<br>L\u00e0 bas, \u00e0 quelques encablures, un tuyau d\u00e9verse nuits et jours depuis trente ans, des quantit\u00e9s \u00e9normes de boues rouges dans notre belle M\u00e9diterran\u00e9e&#8230;<br><br>De plus, l\u00e0 o\u00f9 le probl\u00e8me est extr\u00eamement grave, ce sont les faits suivants sur lesquels il faut se pencher :<br>&#8211; Le tuyau est un \u00a0\u00bb SLURRY \u00a0\u00bb [Moyen de transport de solides par voies hydraulique]<br>&#8211; Le tuyau p\u00e9n\u00e8tre dans la Mer par le puits central de la r\u00e9surgence de Port Miou [Port Meilleur] qui est une Rivi\u00e8re souterraine \u00e0 gros d\u00e9bit, par moment. C&rsquo;est une erreur grossi\u00e8re d&rsquo;avoir permis ce passage il y a trente ans, car c&rsquo;est un probl\u00e8me ajout\u00e9.<br>&#8211; Le tuyau est pos\u00e9 sur le plateau Continental et l&rsquo;extr\u00e9mit\u00e9 d\u00e9verse sur les hauts de la fosse de Cassidaigne \u00e0 un peu plus de 350m et de la les boues rouges s&rsquo;\u00e9coulent jusqu&rsquo;\u00e0 2000m. de profondeur.<br>&#8211; En g\u00e9n\u00e9ral, ce type de tuyau a une dur\u00e9e de vie moyenne de 20 ans, sous la condition d&rsquo;une surveillance constante des mesures d&rsquo;\u00e9paisseur de la cloison. Il comporte aussi un dispositif de protection cathodique, enrobage ext\u00e9rieur et prot\u00e9g\u00e9 contre toutes formes d&rsquo;agressions [chocs, chalutage, ancres etc&#8230;]<\/p>\n\n\n\n<p>Monsieur PECHINEY, peut il r\u00e9pondre aux questions \u00e9l\u00e9mentaires que certains Cassidains se posent depuis quelques ann\u00e9es d\u00e9j\u00e0, car il y a des doutes sur la bonne sant\u00e9 de cette conduite sous-marine. Je vais parler dans un langage simple et me mettre \u00e0 la port\u00e9e des n\u00e9ophytes sans \u00eatre trop technique:<\/p>\n\n\n\n<p>&#8211; Depuis 30 longues ann\u00e9es ce tuyau transporte de la poudre abrasive. Quel est l&rsquo;int\u00e9r\u00eat que porte l&rsquo;exploitant \u00e0 cette conduite ?<br>&#8211; Existe-t-il une fiche de sant\u00e9 consultable sur Internet et concernant uniquement la partie immerg\u00e9e du tuyau. Y compris les zones \u00a0\u00bb d&rsquo;acc\u00e9l\u00e9rations \u00ab\u00a0.<br>&#8211; Sur le plateau continental, ce tuyau a \u00e9t\u00e9 r\u00e9par\u00e9: \u00a0\u00bb combien de fois ? \u00ab\u00a0<br>&#8211; Ce tuyau n&rsquo;est: ni ancr\u00e9, ni ensouill\u00e9. S&rsquo;il a \u00e9t\u00e9 \u00a0\u00bb Fondrier \u00a0\u00bb dans sa jeunesse, qui peut nous assurer de sa stabilit\u00e9 au moment ou je parle ? Le courant dominant \u00a0\u00bb Le ligure \u00a0\u00bb est souvent violent sur le plateau Continental.<br>&#8211; Existe-t-il un plan de lutte \u00e0 la fois pr\u00e9ventive et lutte contre une \u00e9ventuelle fuite provoqu\u00e9e de l&rsquo;ext\u00e9rieur ou simplement usure de l&rsquo;int\u00e9rieur ?.<\/p>\n\n\n\n<p>samedi 5 mai 2001 \u00e0 21 H 48<br><strong>La mer en danger, Cassis en danger<\/strong><br>Les industriels depuis des ann\u00e9es nous polluent sous pr\u00e9texte d&rsquo;un certain mieux vivre.<br>Apr\u00e8s la chimie, apr\u00e8s les r\u00e9sidus, apr\u00e8s la bouf&#8230; tout fou le camp. Le bon air, la bonne eau, la bonne chaire.<br>Vous avez vu le prix de l&rsquo;eau dans certaines r\u00e9gions !<br>La mondialisation aura peut-\u00eatre raison de nous ? Que restera-t-il pour nos enfants ?<br>Il est peut-\u00eatre temps que l&rsquo;on se r\u00e9veille !!<br>Sans imiter notre pr\u00e9sident, ne d\u00e9couvrons pas l&rsquo;\u00e9cologie raisonnable et cens\u00e9e que pour les \u00e9lections !<br>A bient\u00f4t<br><strong>ANDRE<\/strong><\/p>\n\n\n\n<p><\/p>\n","protected":false},"excerpt":{"rendered":"<p>1 septembre 2015 Par arr\u00eat\u00e9 portant organisation d\u2019une enqu\u00eate publique unique concernant les demandes formul\u00e9es par :a) la soci\u00e9t\u00e9 ALTEO GARDANNE pour l\u2019autorisation de modification des conditions d\u2019exploitation de l\u2019usine d\u2019alumines situ\u00e9e sur la commune de Gardanne incluant : l\u2019arr\u00eat au 31 d\u00e9cembre 2015 du rejet actuel de r\u00e9sidus solides (boues rouges) par un \u00e9missaire [&hellip;]<\/p>\n","protected":false},"author":2,"featured_media":0,"parent":0,"menu_order":1,"comment_status":"closed","ping_status":"closed","template":"","meta":{"footnotes":""},"class_list":["post-22","page","type-page","status-publish","hentry"],"_links":{"self":[{"href":"https:\/\/legabiandechaine.com\/blog\/index.php\/wp-json\/wp\/v2\/pages\/22","targetHints":{"allow":["GET"]}}],"collection":[{"href":"https:\/\/legabiandechaine.com\/blog\/index.php\/wp-json\/wp\/v2\/pages"}],"about":[{"href":"https:\/\/legabiandechaine.com\/blog\/index.php\/wp-json\/wp\/v2\/types\/page"}],"author":[{"embeddable":true,"href":"https:\/\/legabiandechaine.com\/blog\/index.php\/wp-json\/wp\/v2\/users\/2"}],"replies":[{"embeddable":true,"href":"https:\/\/legabiandechaine.com\/blog\/index.php\/wp-json\/wp\/v2\/comments?post=22"}],"version-history":[{"count":1,"href":"https:\/\/legabiandechaine.com\/blog\/index.php\/wp-json\/wp\/v2\/pages\/22\/revisions"}],"predecessor-version":[{"id":28,"href":"https:\/\/legabiandechaine.com\/blog\/index.php\/wp-json\/wp\/v2\/pages\/22\/revisions\/28"}],"wp:attachment":[{"href":"https:\/\/legabiandechaine.com\/blog\/index.php\/wp-json\/wp\/v2\/media?parent=22"}],"curies":[{"name":"wp","href":"https:\/\/api.w.org\/{rel}","templated":true}]}}