{"id":29,"date":"2025-05-24T16:42:25","date_gmt":"2025-05-24T14:42:25","guid":{"rendered":"http:\/\/legabib.cluster100.hosting.ovh.net\/blog\/?page_id=29"},"modified":"2025-05-28T12:05:24","modified_gmt":"2025-05-28T10:05:24","slug":"boues-rouges-lettre-du-prudhomme-de-la-ciotat-a-segolene-royale-ministre-de-lecologie","status":"publish","type":"page","link":"https:\/\/legabiandechaine.com\/blog\/index.php\/boues-rouges-lettre-du-prudhomme-de-la-ciotat-a-segolene-royale-ministre-de-lecologie\/","title":{"rendered":"Boues rouges : lettre du prud\u2019homme de La Ciotat \u00e0 S\u00e9gol\u00e8ne Royale, ministre de l\u2019\u00e9cologie"},"content":{"rendered":"\n<p>20 juillet 2015<\/p>\n\n\n\n<p>Boues rouges : lettre du prud\u2019homme de La Ciotat \u00e0 S\u00e9gol\u00e8ne Royale, ministre de l\u2019\u00e9cologie<br>Ecrit le 17 juillet 2015<\/p>\n\n\n\n<p>Madame Le Ministre,<\/p>\n\n\n\n<p>Mon nom est G\u00e9rard CARRODANO. Je suis Premier Prud\u2019homme des p\u00eacheurs professionnels de La Ciotat, asserment\u00e9 et vice-pr\u00e9sident du comit\u00e9 r\u00e9gional des p\u00eaches de la r\u00e9gion PACA. J\u2019ai \u00e9galement un r\u00f4le de sentinelle de la mer pour l\u2019Agence de l\u2019Eau. \u00c2g\u00e9 de soixante ans, je pratique la p\u00eache artisanale depuis plus de trente ans dans la zone qui est aujourd\u2019hui le Parc National des Calanques.<\/p>\n\n\n\n<p>En tant que Ministre de l\u2019Ecologie en charge du dossier : \u00ab ALTEO : Boues rouges de Gardanne \u00bb, vous allez devoir statuer prochainement sur le renouvellement de l\u2019autorisation de rejets issus de cette usine en mer.<\/p>\n\n\n\n<p>\u00c9lu par la profession, mon devoir est de vous faire part de ma propre analyse sur la zone impact\u00e9e que je connais tr\u00e8s bien. Il y a une trentaine d\u2019ann\u00e9es, il nous fallait atteindre des profondeurs de plus de 250m pour remonter nos engins, filets ou palangres, enduits de boues. Aujourd\u2019hui, cela se produit \u00e0 des profondeurs d\u2019environ 120m, c\u2019est-\u00e0-dire \u00e0 la bordure basse du plateau continental. Ce qui veut dire tout simplement que la fosse profonde qui permettait \u00ab d\u2019\u00e9vacuer \u00bb les boues dont la toxicit\u00e9 ne fait plus aucun doute est satur\u00e9e.<\/p>\n\n\n\n<p>Il y a trente ans, nous p\u00eachions, en p\u00e9riph\u00e9rie de cette zone, des congres, daurades et autres m\u00e9rous de grands fonds, mais \u00e0 ce jour, la cha\u00eene trophique est totalement d\u00e9s\u00e9quilibr\u00e9e et nous ne p\u00eachons plus.<\/p>\n\n\n\n<p>L\u2019industriel n\u2019a eu de cesse que de gagner du temps en faussant la r\u00e9alit\u00e9 de l\u2019impact des rejets et exer\u00e7ant un chantage \u00e0 l\u2019emploi. S\u2019il y a une corporation qui n\u2019a cess\u00e9 de diminuer, c\u2019est bien celle des p\u00eacheurs artisanaux qui sont pourtant les garants de la bonne sant\u00e9 de la mer. Les analyses que vous avez demand\u00e9es r\u00e9cemment s\u2019effectuent sur les quelques survivants de passage sur le Canyon de Cassidane, ancien poumon nourricier de la zone Marseille-Cassis-La Ciotat.<\/p>\n\n\n\n<p>Les traces indiscutables de ces r\u00e9sidus s\u2019\u00e9tendent du sud du tombant dans l\u2019Est de Toulon jusqu\u2019\u00e0 S\u00e8te tr\u00e8s \u00e0 l\u2019ouest, avec m\u00eame des \u00e9chantillons de boues pr\u00e9lev\u00e9es en Espagne. Les derni\u00e8res analyses de l\u2019Agence Nationale pour la S\u00e9curit\u00e9 Sanitaire (ANSES) sont sans \u00e9quivoques.<\/p>\n\n\n\n<p>En r\u00e9gion PACA ce sont 600 bateaux soient 900 familles de marins qui sont touch\u00e9es par ce fl\u00e9au.<\/p>\n\n\n\n<p>Lors de la cr\u00e9ation du Parc des Calanques, il nous a avait \u00e9t\u00e9 promis de fa\u00e7on certaine et unanime que la naissance de ce parc signifiait l\u2019arr\u00eat des rejets. Envisager de renouveler une autorisation de rejets toxiques comprenant entre autres : Mercure, Arsenic, Titane, Thorium, Uranium\u2026.serait irresponsable, dans la mesure o\u00f9 l\u2019ensemble de la cha\u00eene trophique s\u2019en trouverait \u00e0 nouveau impact\u00e9e.<\/p>\n\n\n\n<p>L\u2019usine de Gardanne qui a 120 ans est v\u00e9tuste et plus du tout aux normes environnementales. Par respect pour l\u2019environnement et les g\u00e9n\u00e9rations futures, sans oublier les riverains de Gardanne directement contamin\u00e9s, au nom de la sant\u00e9 publique, nous vous demandons de faire respecter la Convention de Barcelone. Quelle image pour l\u2019Ecologie et le bon sens !! Il est difficile d\u2019admettre qu\u2019en 2015, 270m3 par heure de r\u00e9sidus toxiques se d\u00e9versent 24h\/24 dans le Parc des Calanques, joyau de la Provence.<\/p>\n\n\n\n<p>Je me tiens \u00e0 votre disposition pour plus d\u2019informations \u00ab de terrain \u00bb si vous le souhaitez et vous prie d\u2019agr\u00e9er madame Le Ministre, l\u2019expression de ma consid\u00e9ration distingu\u00e9e.<\/p>\n\n\n\n<p><\/p>\n\n\n\n<figure class=\"wp-block-image size-large\"><img loading=\"lazy\" decoding=\"async\" width=\"683\" height=\"1024\" src=\"http:\/\/legabib.cluster100.hosting.ovh.net\/blog\/wp-content\/uploads\/2025\/05\/bouesrouges-683x1024.jpg\" alt=\"\" class=\"wp-image-30\" srcset=\"https:\/\/legabiandechaine.com\/blog\/wp-content\/uploads\/2025\/05\/bouesrouges-683x1024.jpg 683w, https:\/\/legabiandechaine.com\/blog\/wp-content\/uploads\/2025\/05\/bouesrouges-200x300.jpg 200w, https:\/\/legabiandechaine.com\/blog\/wp-content\/uploads\/2025\/05\/bouesrouges-768x1152.jpg 768w, https:\/\/legabiandechaine.com\/blog\/wp-content\/uploads\/2025\/05\/bouesrouges.jpg 987w\" sizes=\"auto, (max-width: 683px) 100vw, 683px\" \/><\/figure>\n","protected":false},"excerpt":{"rendered":"<p>20 juillet 2015 Boues rouges : lettre du prud\u2019homme de La Ciotat \u00e0 S\u00e9gol\u00e8ne Royale, ministre de l\u2019\u00e9cologieEcrit le 17 juillet 2015 Madame Le Ministre, Mon nom est G\u00e9rard CARRODANO. Je suis Premier Prud\u2019homme des p\u00eacheurs professionnels de La Ciotat, asserment\u00e9 et vice-pr\u00e9sident du comit\u00e9 r\u00e9gional des p\u00eaches de la r\u00e9gion PACA. J\u2019ai \u00e9galement un [&hellip;]<\/p>\n","protected":false},"author":2,"featured_media":0,"parent":0,"menu_order":1,"comment_status":"closed","ping_status":"closed","template":"","meta":{"footnotes":""},"class_list":["post-29","page","type-page","status-publish","hentry"],"_links":{"self":[{"href":"https:\/\/legabiandechaine.com\/blog\/index.php\/wp-json\/wp\/v2\/pages\/29","targetHints":{"allow":["GET"]}}],"collection":[{"href":"https:\/\/legabiandechaine.com\/blog\/index.php\/wp-json\/wp\/v2\/pages"}],"about":[{"href":"https:\/\/legabiandechaine.com\/blog\/index.php\/wp-json\/wp\/v2\/types\/page"}],"author":[{"embeddable":true,"href":"https:\/\/legabiandechaine.com\/blog\/index.php\/wp-json\/wp\/v2\/users\/2"}],"replies":[{"embeddable":true,"href":"https:\/\/legabiandechaine.com\/blog\/index.php\/wp-json\/wp\/v2\/comments?post=29"}],"version-history":[{"count":1,"href":"https:\/\/legabiandechaine.com\/blog\/index.php\/wp-json\/wp\/v2\/pages\/29\/revisions"}],"predecessor-version":[{"id":31,"href":"https:\/\/legabiandechaine.com\/blog\/index.php\/wp-json\/wp\/v2\/pages\/29\/revisions\/31"}],"wp:attachment":[{"href":"https:\/\/legabiandechaine.com\/blog\/index.php\/wp-json\/wp\/v2\/media?parent=29"}],"curies":[{"name":"wp","href":"https:\/\/api.w.org\/{rel}","templated":true}]}}