{"id":36,"date":"2025-05-26T16:51:22","date_gmt":"2025-05-26T14:51:22","guid":{"rendered":"http:\/\/legabib.cluster100.hosting.ovh.net\/blog\/?page_id=36"},"modified":"2025-05-26T16:51:22","modified_gmt":"2025-05-26T14:51:22","slug":"touche-pas-a-ma-calanque","status":"publish","type":"page","link":"https:\/\/legabiandechaine.com\/blog\/index.php\/touche-pas-a-ma-calanque\/","title":{"rendered":"Touche pas \u00e0 ma calanque"},"content":{"rendered":"\n<p>27 septembre 2011<\/p>\n\n\n\n<p>L<strong>ib\u00e9ration<\/strong>&nbsp;: grand angle 27.09.2011&nbsp;&nbsp;<strong>Touche pas \u00e0 ma calanque<\/strong><\/p>\n\n\n\n<p>Par OLIVIER BERTRAND (Correspondant \u00e0 Marseille)<small><br>Photos&nbsp;Yohanne Lamoul\u00e8re.Transit. Picturetank<\/small><\/p>\n\n\n\n<p><strong>Plaisanciers, chasseurs, p\u00eacheurs, \u00e9lus : Marseille se d\u00e9chire autour du projet de cr\u00e9ation d\u2019un parc naturel aux portes de la ville, pr\u00e9vu en 2012.<\/strong><\/p>\n\n\n\n<p>C\u2019est un projet ancien et complexe : un parc national des Calanques en lisi\u00e8re de Marseille, avec une partie terrestre et une autre marine. Cela fait r\u00eaver ? Mais la situation p\u00e9ri-urbaine complique tout, imposant de nombreux compromis. Et alors que l\u2019enqu\u00eate publique d\u00e9marre dans quelques jours pour parvenir \u00e0 ouvrir le parc l\u2019an prochain, celui-ci ne fait plus que des insatisfaits. Il y a ceux qui consid\u00e8rent qu\u2019il r\u00e9duit trop leurs libert\u00e9s et ceux qui estiment que l\u2019on a fait trop de concessions, qu\u2019il n\u2019est plus assez protecteur pour la nature.<\/p>\n\n\n\n<p>Le projet remonte \u00e0 l\u2019ancien maire de Marseille, Gaston Defferre, qui avait demand\u00e9, au d\u00e9but des ann\u00e9es 70, un parc \u00e0 Robert Poujade, premier ministre de l\u2019Environnement de la R\u00e9publique. Ce dernier lui avait r\u00e9pondu que c\u2019\u00e9tait impossible en bordure d\u2019une ville.<\/p>\n\n\n\n<p>Pour cr\u00e9er un parc national, il faut \u00e0 la fois une richesse exceptionnelle, et des menaces qui justifient la mise en place d\u2019un \u00e9tablissement public administratif disposant de pouvoirs r\u00e9glementaires propres. Or, autour des calanques, les richesses ne manquent pas. A terre : des falaises abruptes avec leurs pins d\u2019Alep, leurs ch\u00eanes verts, une v\u00e9g\u00e9tation contrainte par le vent et le sel qui c\u00e8de la place, \u00e0 mesure qu\u2019on s\u2019\u00e9loigne du littoral, aux landes et aux garrigues, puis aux for\u00eats matures. En mer : une biodiversit\u00e9 \u00e9tonnante, obtenue gr\u00e2ce \u00e0 une conjonction assez rare d\u2019\u00e9l\u00e9ments. Un courant ligure qui arrive des c\u00f4tes italiennes et apporte beaucoup d\u2019oxyg\u00e8ne. Et des canyons vertigineux immerg\u00e9s qui descendent jusqu\u2019\u00e0 2 000 m\u00e8tres et constituent d\u2019immenses r\u00e9serves d\u2019eaux froides. Elles remontent lorsque le mistral chasse les eaux de surface et leur transparence facilite alors la photosynth\u00e8se. Tout cela profite aux nombreuses esp\u00e8ces vivant entre 0 et 80 m\u00e8tres de profondeur, sur des plateaux immerg\u00e9s. Enfin, entre terre et mer, des anses, des ports, des cabanons. Et des grottes qui abritent des oiseaux nicheurs, et parfois des peintures rupestres, comme la grotte Cosquer.<\/p>\n\n\n\n<p><strong>Boues rouges<\/strong><\/p>\n\n\n\n<p>La difficult\u00e9 d\u2019acc\u00e8s et l\u2019absence de r\u00e9seaux d\u2019alimentation en eau ont longtemps prot\u00e9g\u00e9 les calanques. Plus maintenant. La station d\u2019\u00e9puration de Marseille, qui d\u00e9borde dans la mer au moindre orage, rejette ses eaux au large de la calanque de Cortiou. Plus loin, une usine de Gardanne \u2013 Rio Tinto Alcan (ex-P\u00e9chiney) \u2013 d\u00e9verse toujours ses boues rouges (des argiles charg\u00e9es de bauxaline). Dans les calanques, les bateaux qui viennent au mouillage de fa\u00e7on anarchique arrachent en levant l\u2019ancre de pleines touffes d\u2019herbier de posidonie. Son volume a diminu\u00e9 de 40% en quarante ans dans ce qui est cens\u00e9 devenir le c\u0153ur marin du parc.<\/p>\n\n\n\n<p>A terre, les chemins sont mal balis\u00e9s, et les touristes de plus en plus nombreux, tout comme les laissez-passer pour les voitures. Un parc permettrait de mieux contr\u00f4ler tout cela. Il disposerait d\u2019un \u00abc\u0153ur\u00bb, que l\u2019\u00e9tablissement public pourrait r\u00e9glementer. Et d\u2019une \u00abaire d\u2019adh\u00e9sion\u00bb (appel\u00e9e en mer \u00abaire marine adjacente\u00bb), une sorte de zone-tampon entre le c\u0153ur et son environnement, avec une charte n\u00e9goci\u00e9e entre les communes pour un d\u00e9veloppement durable plus doux.<\/p>\n\n\n\n<p>En mer, quelques zones de non-p\u00eache doivent permettre aux poissons et crustac\u00e9s d\u2019essaimer. \u00abOn ne trouve presque plus de poulpes, d\u2019oursins, de langoustes, sans parler des hippocampes, rel\u00e8ve Denyse Ricard-Maubon, pr\u00e9sidente du collectif Un parc national pour les calanques. Il est grand temps de reconstituer des r\u00e9serves.\u00bb<\/p>\n\n\n\n<p>Le projet de d\u00e9part \u00e9tait extr\u00eamement ambitieux. Le p\u00e9rim\u00e8tre devait englober toutes les zones class\u00e9es autour de Marseille, au nord comme au sud. La ville se retrouvait ainsi au c\u0153ur d\u2019un \u00e9crin prot\u00e9g\u00e9. Mais pour tout surveiller, il aurait fallu une arm\u00e9e \u2013 dans le projet actuel, le parc comptera 80 salari\u00e9s. Et des d\u00e9cennies de n\u00e9gociations pour convaincre tout le monde. Le projet s\u2019est donc finalement concentr\u00e9, de fa\u00e7on pragmatique, autour des calanques du sud. C\u2019est d\u00e9j\u00e0 un sacr\u00e9 chantier tant les usagers sont nombreux, et la culture marseillaise individualiste.<\/p>\n\n\n\n<p>En r\u00e9sum\u00e9, tout le monde est d\u2019accord pour prot\u00e9ger les calanques. A condition de pouvoir en jouir sans entrave, r\u00e9servant la r\u00e9glementation aux autres. Parmi les plus remont\u00e9s, une majorit\u00e9 des \u00abcabanoniers\u00bb qui poss\u00e8dent ou louent les jolies baraques plus ou moins bricol\u00e9es dans les calanques. \u00abC\u2019est gr\u00e2ce \u00e0 nous si ce site est rest\u00e9 si beau et si ces calanques ont \u00e9t\u00e9 prot\u00e9g\u00e9es, dit Fran\u00e7ois Semeriva, pr\u00e9sident de l\u2019association des cabanoniers de Sormiou. Aujourd\u2019hui, nous nous sentons d\u00e9poss\u00e9d\u00e9s. On veut cr\u00e9er une enclave extraterritoriale qui portera atteinte aux droits individuels et \u00e0 la libert\u00e9 de circuler. On d\u00e9roge au syst\u00e8me d\u00e9mocratique et instituant un consul qui d\u00e9cidera pour nous.\u00bb Selon lui, l\u2019arsenal l\u00e9gislatif actuel est suffisant pour prot\u00e9ger les calanques.<\/p>\n\n\n\n<p>Autres usagers tr\u00e8s remont\u00e9s : les p\u00eacheurs, les plongeurs, les grimpeurs, les plaisanciers. Et les bateliers qui proposent des visites avec des embarcations p\u00e9n\u00e9trant trop loin dans les calanques avant des demi-tours qui d\u00e9gradent les fonds marins.<\/p>\n\n\n\n<p>A terre, les chasseurs ont \u00e9t\u00e9 les plus virulents. Ils veulent continuer d\u2019arpenter les collines, de chasser \u00e0 la glu, de l\u00e2cher des faisans et perdrix sur lesquels ils tirent quelques jours plus tard. \u00abUne aberration dans un parc national\u00bb, s\u2019\u00e9trangle Pierre Aplincourt, pr\u00e9sident de France Nature Environnement en Paca, qui craint que de telles concessions fassent t\u00e2che d\u2019huile dans les autres parcs.<\/p>\n\n\n\n<p>Les chasseurs ont eu gain de cause : l\u00e2chers et glu maintenus, zones de non-chasse limit\u00e9es \u00e0 38% du parc\u2026 Le Conseil national de protection de la nature (CNPN), qui guide les ministres en mati\u00e8re de parcs nationaux, en pr\u00e9conisait 50%. Le d\u00e9put\u00e9 UMP Guy Teissier, qui dirige le groupe d\u2019int\u00e9r\u00eat public charg\u00e9 de pr\u00e9parer le futur parc, est lui-m\u00eame chasseur. De fait, les \u00e9lus ont beaucoup c\u00e9d\u00e9 aux lobbys en admettant qu\u2019il fallait \u00eatre plus souple en zone p\u00e9ri-urbaine.<\/p>\n\n\n\n<p>Apr\u00e8s une dizaine d\u2019ann\u00e9es de d\u00e9bats et de r\u00e9unions, un nouveau pr\u00e9fet de r\u00e9gion, Hugues Parant, a choisi la voie du compromis. Il a demand\u00e9 \u00e0 chaque \u00e9lu ce qui le g\u00eanait. \u00abCe parc ne se fera pas si les postures maximalistes l\u2019emportent, assume le repr\u00e9sentant de l\u2019Etat. Il existe ici une forte psychologie sudiste. M\u00eame s\u2019ils attendent beaucoup de son assistance, les gens se m\u00e9fient de tout ce qui est impos\u00e9 par Paris. Il fallait faire ce parc avec les communes, pas contre elles.\u00bb Chacun a eu gain de cause. Jean-Claude Gaudin a fait enlever toute la rade Sud. Jean-No\u00ebl Gu\u00e9rini, pr\u00e9sident PS du conseil g\u00e9n\u00e9ral, les for\u00eats matures g\u00e9r\u00e9es par son d\u00e9partement.&nbsp;<strong>Danielle Milon-Vivanti, maire divers droite de Cassis, \u00e9lue en 2008 en faisant campagne contre le projet, a carr\u00e9ment fait retirer la quasi-totalit\u00e9 de son territoire. Du coup, le c\u0153ur du parc est tranch\u00e9 net, priv\u00e9 de continuit\u00e9, \u00e0 hauteur de sa ville. La calanque de Port-Miou, qui abrite une rare source sous-marine d\u2019eau douce, a aussi \u00e9t\u00e9 retir\u00e9e.<\/strong><\/p>\n\n\n\n<p>Ailleurs, des bouts de territoires ont \u00e9t\u00e9 \u00f4t\u00e9s pour satisfaire des int\u00e9r\u00eats priv\u00e9s. Parmi les aberrations, l\u2019une des zones de non-p\u00eache \u2013 qui ne repr\u00e9sentent que 10,5% du c\u0153ur marin, quand le CNPN recommandait 20% \u2013 est situ\u00e9e \u00e0 l\u2019exutoire de la station d\u2019\u00e9puration. Un endroit tellement pourri que personne n\u2019aurait l\u2019id\u00e9e d\u2019y p\u00eacher. Autre curiosit\u00e9, les \u00eeles du Frioul, pr\u00e9sent\u00e9es dans le projet initial comme un \u00abv\u00e9ritable concentr\u00e9 de parc national\u00bb, ont \u00e9t\u00e9 enlev\u00e9es, \u00e0 la demande de Marseille. Au total, le c\u0153ur terrestre a \u00e9t\u00e9 amput\u00e9 de 20% par rapport \u00e0 la premi\u00e8re version, le c\u0153ur maritime de 15%.<\/p>\n\n\n\n<p>Inqui\u00e9tude majeure : la quasi-disparition de l\u2019aire d\u2019adh\u00e9sion en bordure de Marseille. En clair, il n\u2019y a plus de transition avec la ville. Les promoteurs immobiliers peuvent se frotter les mains : ce parc sera pour eux une aubaine car ils pourront construire en lisi\u00e8re, vendre cette proximit\u00e9 prestigieuse sans s\u2019embarrasser de contraintes environnementales.<\/p>\n\n\n\n<p><strong>\u00abUne vitrine formidable\u00bb<\/strong><\/p>\n\n\n\n<p>Du coup, les arguments environnementalistes ont rejoint ceux des opposants au parc. \u00abLe label \u00ab&nbsp;parc national&nbsp;\u00bb va cr\u00e9er une tr\u00e8s forte attractivit\u00e9 et donc une forte pression sur les territoires limitrophes\u00bb, pr\u00e9vient le pr\u00e9sident de France Nature Environnement. \u00abCe sera une vitrine formidable, un produit d\u2019appel rentabilis\u00e9 en p\u00e9riph\u00e9rie au profit des h\u00f4teliers et des promoteurs\u00bb, grince le pr\u00e9sident des cabanoniers de Sormiou.<\/p>\n\n\n\n<p>Malgr\u00e9 les critiques et inqui\u00e9tudes, les cabinets de Nicolas Sarkozy et de la ministre de l\u2019Environnement, Nathalie Koscuisko-Morizet, ont tent\u00e9 d\u00e9but septembre d\u2019acc\u00e9l\u00e9rer le calendrier. Ils demandaient un lancement rapide de l\u2019enqu\u00eate publique. Elle d\u00e9marrera courant octobre, pour une dur\u00e9e d\u2019un mois. Le CNPN rendra ensuite un avis (consultatif). Nathalie Kosciusco-Morizet voudrait signer le d\u00e9cret de cr\u00e9ation avant la pr\u00e9sidentielle. Elle rappelle que l\u2019on n\u2019a \u00abjamais cr\u00e9\u00e9 de parc contre l\u2019avis du CNPN\u00bb. Or celui-ci n\u2019est, pour l\u2019instant, gu\u00e8re enthousiaste. Le 15 f\u00e9vrier, il s\u2019inqui\u00e9tait du \u00abmanque d\u2019ambition du projet, tr\u00e8s en-de\u00e7\u00e0 des attentes d\u2019un parc national\u00bb. Apr\u00e8s quelques modifications, il rendait en juin une note un peu plus nuanc\u00e9e, mais toujours tr\u00e8s dubitative.<\/p>\n\n\n\n<p>Que faut-il faire ? Passer outre les imperfections et choisir la strat\u00e9gie des petits pas en cr\u00e9ant ce parc et en misant sur une extension ult\u00e9rieure ? Ou reporter une d\u00e9cision frustrante ? En choisissant cette voie plus radicale, certains projets, comme le Parc national corse, n\u2019ont jamais vu le jour. \u00abTout n\u2019est pas satisfaisant, r\u00e9sume la conseill\u00e8re r\u00e9gionale Christine Sandel (Europe Ecologie-les Verts), oc\u00e9anographe de formation. Mais cela fait vingt ans que nous nous battons pour ce parc. Nous ne pouvons pas courir le risque de le faire \u00e9chouer. Commen\u00e7ons, et dans quinze ans les autres se battront pour en faire partie.\u00bb A condition que tout n\u2019ait pas \u00e9t\u00e9 b\u00e9tonn\u00e9 d\u2019ici l\u00e0.<\/p>\n\n\n\n<figure class=\"wp-block-image size-full\"><img loading=\"lazy\" decoding=\"async\" width=\"540\" height=\"258\" src=\"http:\/\/legabib.cluster100.hosting.ovh.net\/blog\/wp-content\/uploads\/2025\/05\/libe1.jpg\" alt=\"\" class=\"wp-image-37\" srcset=\"https:\/\/legabiandechaine.com\/blog\/wp-content\/uploads\/2025\/05\/libe1.jpg 540w, https:\/\/legabiandechaine.com\/blog\/wp-content\/uploads\/2025\/05\/libe1-300x143.jpg 300w\" sizes=\"auto, (max-width: 540px) 100vw, 540px\" \/><\/figure>\n\n\n\n<p><\/p>\n\n\n\n<p><strong>Bient\u00f4t, le PNC sera l\u00e0 !<\/strong><\/p>\n\n\n\n<p><a href=\"http:\/\/www.cassis-forum.com\/blog\/dossier\/touche-pas-a-ma-calanque\/#comment-8\">2 octobre 2011 \u00e0 10 h 47 min<\/a><\/p>\n\n\n\n<p>Bonjour,<br>J\u2019ai trouv\u00e9 cette article de Lib\u00e9 une bonne introduction au sujet du devenir de nos calanques (et du littoral cassiden) avec l\u2019arriv\u00e9e de ce futur parc national qui int\u00e9resse beaucoup d\u2019entre nous.<br>Cassis-forum ne sera donc pas en reste m\u00eame si notre blog a remplac\u00e9 notre forum, sur lequel le d\u00e9bat n\u2019\u00e9tait plus possible avec l\u2019arriv\u00e9e de quelques \u00e2mes perturb\u00e9es. Cassis-forum a pay\u00e9 cher sa notori\u00e9t\u00e9. (mais c\u2019\u00e9tait devenu trop pesant)<br>Pour en revenir au parc\u2026 je pr\u00e9parerais donc un nouveau dossier du Gabian\u2026 dans lequel j\u2019esp\u00e8re rassembler les divers avis et \u00e9v\u00e8nements\u2026 il serait dommage que vous ne soyez pas un des acteurs de ce d\u00e9bat, sachant que plusieurs d\u2019entre vous ont d\u00e9montr\u00e9 poss\u00e9der le sujet\u2026 je vous invite donc \u00e0 partager les avis et les questions avec les humbles citoyens que nous sommes, ce qui n\u2019est pas le cas dans aucune r\u00e9union \u00e0 l\u2019Oustau Calendal ou ailleurs\u2026 lieux o\u00f9 les orateurs, toujours les m\u00eames, nous servent la messe.<br>Un jour peut-\u00eatre, devrons-nous faire face aux d\u00e9cisions qui seront prise d\u2019autorit\u00e9s, sans avoir \u00e9t\u00e9 invit\u00e9 \u00e0 voter pour ou contre l\u2019int\u00e9gration de notre territoire dans ce parc ?!<br>Les cassidens n\u2019auraient-ils pas eu besoin de diversifier les sons de cloches et conna\u00eetre les poins positifs et n\u00e9gatifs avant de cautionner sans retour possible ?<br>\u2026 ce jour l\u00e0, je n\u2019aimerai ne pas entendre dire que nous nous \u00e9tions d\u00e9sint\u00e9ress\u00e9 du sujet.<br>Je ne dis pas que c\u2019est un choix facile, je ne sais pas plus quelle sera la meilleure option\u2026 seulement que nous avons besoin d\u2019informations et d\u2019en d\u00e9battre.<br>Truchon<\/p>\n","protected":false},"excerpt":{"rendered":"<p>27 septembre 2011 Lib\u00e9ration&nbsp;: grand angle 27.09.2011&nbsp;&nbsp;Touche pas \u00e0 ma calanque Par OLIVIER BERTRAND (Correspondant \u00e0 Marseille)Photos&nbsp;Yohanne Lamoul\u00e8re.Transit. Picturetank Plaisanciers, chasseurs, p\u00eacheurs, \u00e9lus : Marseille se d\u00e9chire autour du projet de cr\u00e9ation d\u2019un parc naturel aux portes de la ville, pr\u00e9vu en 2012. C\u2019est un projet ancien et complexe : un parc national des Calanques [&hellip;]<\/p>\n","protected":false},"author":2,"featured_media":0,"parent":0,"menu_order":0,"comment_status":"closed","ping_status":"closed","template":"","meta":{"footnotes":""},"class_list":["post-36","page","type-page","status-publish","hentry"],"_links":{"self":[{"href":"https:\/\/legabiandechaine.com\/blog\/index.php\/wp-json\/wp\/v2\/pages\/36","targetHints":{"allow":["GET"]}}],"collection":[{"href":"https:\/\/legabiandechaine.com\/blog\/index.php\/wp-json\/wp\/v2\/pages"}],"about":[{"href":"https:\/\/legabiandechaine.com\/blog\/index.php\/wp-json\/wp\/v2\/types\/page"}],"author":[{"embeddable":true,"href":"https:\/\/legabiandechaine.com\/blog\/index.php\/wp-json\/wp\/v2\/users\/2"}],"replies":[{"embeddable":true,"href":"https:\/\/legabiandechaine.com\/blog\/index.php\/wp-json\/wp\/v2\/comments?post=36"}],"version-history":[{"count":1,"href":"https:\/\/legabiandechaine.com\/blog\/index.php\/wp-json\/wp\/v2\/pages\/36\/revisions"}],"predecessor-version":[{"id":38,"href":"https:\/\/legabiandechaine.com\/blog\/index.php\/wp-json\/wp\/v2\/pages\/36\/revisions\/38"}],"wp:attachment":[{"href":"https:\/\/legabiandechaine.com\/blog\/index.php\/wp-json\/wp\/v2\/media?parent=36"}],"curies":[{"name":"wp","href":"https:\/\/api.w.org\/{rel}","templated":true}]}}