{"id":50,"date":"2025-05-26T17:11:30","date_gmt":"2025-05-26T15:11:30","guid":{"rendered":"http:\/\/legabib.cluster100.hosting.ovh.net\/blog\/?page_id=50"},"modified":"2025-05-26T17:11:30","modified_gmt":"2025-05-26T15:11:30","slug":"cassis-par-calendal-f-mistral","status":"publish","type":"page","link":"https:\/\/legabiandechaine.com\/blog\/index.php\/cassis-par-calendal-f-mistral\/","title":{"rendered":"Cassis par Calendal (F.MISTRAL)"},"content":{"rendered":"\n<p>Je suis de Cassis, ville de mer<br>Et chef de France. Dans l\u2019ombre<br>Pour vous tous est cach\u00e9 le nom de ma patrie ;<br>Mais, serait-il \u00e0 mille lieues,<br>Nul de ses fils ne la renie,<br>Car tel a vu Paris, compagnons,<br>Qui peut dire, s\u2019il n\u2019a pas vu Cassis :<\/p>\n\n\n\n<p>Je n\u2019ai rien vu.Cassis est pauvre : son terroir,<br>Trop montueux pour la charrue,<br>Seulement au hoyau se cultive en parcelles.<br>Peu de bl\u00e9 : n\u00e9anmoins, assez pour vivre ;<br>Peu de vin : de reste pour boire\u2026<br>Nous en embarquerons m\u00eame quelques tonnes sur la mer.<\/p>\n\n\n\n<p>Car notre vin,<br>et vous n\u2019\u00eates pas sans avoir de cela connaissance,<br>Tellement est fameux que Marseille, lorsqu\u2019elle veut<br>Faire un pr\u00e9sent au Roi, demande<br>Aux Cassidens ce qu\u2019elle lui envoie :<br>Notre muscat, diaphane boisson,<br>Et nos faucons qui dans (l\u2019\u00eele de) Rieu nichent par bandes.<\/p>\n\n\n\n<p>Oh ! si vous en go\u00fbtiez ! L\u2019abeille<br>N\u2019a pas de miel plus doux : il brille<br>Comme un diamant limpide, et sent le romarin,<br>La bruy\u00e8re et le myrte<br>Qui recouvrent nos collines,<br>Et danse dans le verre\u2026 certes,<br>J\u2019en viderais maintenant un flacon, si je l\u2019avais.<\/p>\n\n\n\n<p>Entre rochers roux et blancs<br>Qui forment une crique en demi-lune,<br>Le front en plein midi et les pieds dans la mer,<br>Ainsi qu\u2019une brune baigneuse<br>Qui se r\u00e9cr\u00e9e \u00e0 p\u00eacher des girelles,<br>Cassis, petite ville de p\u00eacheurs,<br>Jette le sardinal, tire le carrelet.<\/p>\n\n\n\n<p>A gauche de son \u00e9troite rade,<br>Se voit le cap canaille ; \u00e0 droite,<br>S\u2019entend gronder parfois, signal des nautoniers,<br>Un creux o\u00f9 la vague s\u2019engouffre,<br>Chassant un vent qu\u2019une autre issue d\u00e9gorge :<br>\u00ab Martin souffle, disent les p\u00eacheurs, gare au grain ! \u00bb<\/p>\n\n\n\n<p>En face de la luisante mer,<br>Sans cesse pr\u00e9sente \u00e0 ses yeux,<br>De la mer, l\u00e0-dedans, un petit peuple vit,<br>Toujours joyeux, quand elle est calme,<br>Toujours \u00e9mu \u00e0 ses menaces,<br>Et lorsque, blanchissante, elle se dresse,<br>Luttant gaillardement, \u00e0 la garde de Dieu.<\/p>\n\n\n\n<p><em>(F.MISTRAL)<\/em><\/p>\n\n\n\n<p>&#8212;&#8212;&#8212;&#8212;&#8212;&#8212;&#8212;&#8212;&#8212;&#8212;&#8212;&#8212;&#8212;&#8212;&#8212;<\/p>\n\n\n\n<p>Je suis Proven\u00e7al comme vous ;<br>Mais des torrents et des collines,<br>Innombrables, nous s\u00e9parent\u2026. Chez moi,<br>Qui m\u2019eut dit de vaguer o\u00f9 maintenant je vague ! \u2026.<br>Dans les vall\u00e9es et sur les cr\u00eates,<br>Je bats maintenant le pays, pour conqu\u00e9rir<br>L\u2019empire de l\u2019amour : on m\u2019appelle Calendal.<\/p>\n\n\n\n<p>Je suis de Cassis, ville de mer<br>Et clef de France. Dans l\u2019ombre<br>Pour vous tous est cach\u00e9 le nom de ma patrie;<br>Mais, serait-il \u00e0 mille lieues,<br>Nul de ses fils ne la renie,<br>Car tel a vu Paris, compagnons,<br>Qui peut dire, s\u2019il n\u2019a pas vu Cassis :<\/p>\n\n\n\n<p>Je n\u2019ai rien vu.Car notre vin, et vous l\u2019avez<br>Sans doute ou\u00ef dire,<br>Tellement est fameux que Marseille, lorsqu\u2019elle veut<br>Faire un pr\u00e9sent au Roi, demande<br>Aux Cassidens ce qu\u2019elle lui envoie ;<br>Notre muscat, diaphane boisson,<br>Et nos faucons qui dans l\u2019\u00eele de Rieu nichent par bandes.<\/p>\n\n\n\n<p>Oh ! si vous en go\u00fbtiez ! L\u2019abeille<br>N\u2019a pas de miel plus doux : il brille<br>Comme un brillant liquide, et sent le romarin,<br>La bruy\u00e8re et le myrte<br>Qui recouvrent nos collines,<br>Et danse le verre\u2026. Certes,<br>J\u2019en viderais maintenant un flacon, si je l\u2019avais.<\/p>\n\n\n\n<p><em>(F.MISTRAL)<\/em><\/p>\n","protected":false},"excerpt":{"rendered":"<p>Je suis de Cassis, ville de merEt chef de France. Dans l\u2019ombrePour vous tous est cach\u00e9 le nom de ma patrie ;Mais, serait-il \u00e0 mille lieues,Nul de ses fils ne la renie,Car tel a vu Paris, compagnons,Qui peut dire, s\u2019il n\u2019a pas vu Cassis : Je n\u2019ai rien vu.Cassis est pauvre : son terroir,Trop montueux [&hellip;]<\/p>\n","protected":false},"author":2,"featured_media":0,"parent":0,"menu_order":0,"comment_status":"closed","ping_status":"closed","template":"","meta":{"footnotes":""},"class_list":["post-50","page","type-page","status-publish","hentry"],"_links":{"self":[{"href":"https:\/\/legabiandechaine.com\/blog\/index.php\/wp-json\/wp\/v2\/pages\/50","targetHints":{"allow":["GET"]}}],"collection":[{"href":"https:\/\/legabiandechaine.com\/blog\/index.php\/wp-json\/wp\/v2\/pages"}],"about":[{"href":"https:\/\/legabiandechaine.com\/blog\/index.php\/wp-json\/wp\/v2\/types\/page"}],"author":[{"embeddable":true,"href":"https:\/\/legabiandechaine.com\/blog\/index.php\/wp-json\/wp\/v2\/users\/2"}],"replies":[{"embeddable":true,"href":"https:\/\/legabiandechaine.com\/blog\/index.php\/wp-json\/wp\/v2\/comments?post=50"}],"version-history":[{"count":1,"href":"https:\/\/legabiandechaine.com\/blog\/index.php\/wp-json\/wp\/v2\/pages\/50\/revisions"}],"predecessor-version":[{"id":51,"href":"https:\/\/legabiandechaine.com\/blog\/index.php\/wp-json\/wp\/v2\/pages\/50\/revisions\/51"}],"wp:attachment":[{"href":"https:\/\/legabiandechaine.com\/blog\/index.php\/wp-json\/wp\/v2\/media?parent=50"}],"curies":[{"name":"wp","href":"https:\/\/api.w.org\/{rel}","templated":true}]}}