{"id":55,"date":"2025-05-26T17:23:14","date_gmt":"2025-05-26T15:23:14","guid":{"rendered":"http:\/\/legabib.cluster100.hosting.ovh.net\/blog\/?page_id=55"},"modified":"2025-05-26T17:23:14","modified_gmt":"2025-05-26T15:23:14","slug":"chasse-aux-sorcieres","status":"publish","type":"page","link":"https:\/\/legabiandechaine.com\/blog\/index.php\/chasse-aux-sorcieres\/","title":{"rendered":"Chasse aux sorci\u00e8res !"},"content":{"rendered":"\n<p><em>Histoires et faits historiques\u2026 cassidens\u2026<\/em>&nbsp;<strong>La chasse aux sorci\u00e8res \u00e0 cassis !<\/strong><\/p>\n\n\n\n<figure class=\"wp-block-image size-full\"><img loading=\"lazy\" decoding=\"async\" width=\"174\" height=\"254\" src=\"http:\/\/legabib.cluster100.hosting.ovh.net\/blog\/wp-content\/uploads\/2025\/05\/sorciere.jpg\" alt=\"\" class=\"wp-image-56\"\/><\/figure>\n\n\n\n<p>Voici ce qu\u2019\u00e9crivait au d\u00e9but du XVIIe si\u00e8cle Pierre de Lancre, membre d\u2019une commission nomm\u00e9e par Henri IV pour rechercher les Sorciers:<\/p>\n\n\n\n<p>\u00ab&nbsp;L\u2019on use de trop de douceur en France envers les Sorciers: tous bons juges doivent faire cette r\u00e9solution g\u00e9n\u00e9rale en France et ailleurs de punir de mort les sorciers qui auront \u00e9t\u00e9 simplement plusieurs fois au sabbat*, bien qu\u2019ils ne soient convaincus d\u2019aucun mal\u00e9fice&nbsp;\u00bb.<\/p>\n\n\n\n<p>A Cassis, le \u00ab&nbsp;contingent&nbsp;\u00bb de sorci\u00e8res se composa de trois malheureuses femmes qui furent br\u00fbl\u00e9es le 2 Juillet 1614.<br>(<strong>Ugolin<\/strong>)<\/p>\n\n\n\n<p>*<em>On appelait sabbat les assembl\u00e9es que les sorciers tenaient la nuit sous la pr\u00e9sidence du Diable, pour c\u00e9l\u00e9brer les rites les plus myst\u00e9rieux de leur art infernal, rendre hommage \u00e0 leur ma\u00eetre, et se livrer entre eux \u00e0 tous les emportements de leurs passions.<\/em><\/p>\n\n\n\n<p>\u2013 il semble qu\u2019elles n\u2019etaient pas de Cassis, m\u00eame si elles y ont \u00e9t\u00e9 sacrifi\u00e9es.<br>\u00ab&nbsp;Les trois masques (masco = sorci\u00e8re) des grottes du Garou, haut lieu arch\u00e9ologique surplombant le Val d\u2019Arens, \u00ab&nbsp;\u00e9trangl\u00e9es et pendues puis br\u00fbl\u00e9es&nbsp;\u00bb en 1614 \u00e0 Cassis.&nbsp;\u00bb<\/p>\n\n\n\n<p>La chasse aux sorci\u00e8res en 1609 sous Henri IV :<\/p>\n\n\n\n<p>La chasse aux sorci\u00e8res est ouverte dans nos contr\u00e9es et principalement dans les parties montagneuses ou retir\u00e9es, \u00e0 l\u2019aspect sauvage.<br>Des habitants d\u00e9pourvus de toute culture intellectuelle comme de tout, enseignement religieux, et abandonn\u00e9s \u00e0 leur \u00e2pre nature, o\u00f9 ils \u00e9taient tomb\u00e9s dans les d\u00e9sordres les plus affreux de la superstition, de la magie et de la sorcellerie. Ils paraissaient ne conserver quelques restes de la doctrine de l\u2019\u00c9glise que pour en faire un usage sacril\u00e8ge. Ils n\u2019avaient d\u2019autre religion qu\u2019un culte diabolique, et ils le manifestaient par des pratiques aussi \u00e9tranges qu\u2019abominables. \u00abTant de d\u00e9sordres attir\u00e8rent l\u2019attention de la justice; en 1609 Henri IV confia \u00e0 une Commission, compos\u00e9e du pr\u00e9sident Espaignet et de Pierre de Lancre, conseiller au Parlement de Bordeaux, le soin de les examiner sur les lieux et de punir les coupables selon la rigueur des lois.<\/p>\n\n\n\n<p>Les proc\u00e8s de sorcellerie avaient une fonction p\u00e9dagogique. Ils tentent de montrer en exemple aux populations une religion \u00e9pur\u00e9e des superstitions traditionnelles, symbolis\u00e9es par les magiciens et les sorciers, et de les pousser \u00e0 croire en un Dieu unique, terrible, peu mis\u00e9ricordieux pour les p\u00e9cheurs, et \u00e0 faire leur salut \u00e9ternel en repoussant les superstitions\u2026 et la sorcellerie.<\/p>\n\n\n\n<p>*On appelait sabbat les assembl\u00e9es que les sorciers tenaient la nuit sous la pr\u00e9sidence du Diable, pour c\u00e9l\u00e9brer les rites les plus myst\u00e9rieux de leur art infernal, rendre hommage \u00e0 leur ma\u00eetre, et se livrer entre eux \u00e0 tous les emportements de leurs passions.<br>(<strong>Truchon<\/strong>)<\/p>\n\n\n\n<p>Ces trois sorci\u00e8res se nommaient \u00ab&nbsp;FIGONNIERE, TRIPIERE et LA GROSSE COIFFE.<br>Apr\u00e8s leur ex\u00e9cution elles furent accus\u00e9es du d\u00e9c\u00e8s d\u2019une petite fille qui avait \u00e9t\u00e9 \u00ab&nbsp;mani\u00e9r\u00e9e&nbsp;\u00bb par les masco.<br>Conclusion les Cassidens et les Notables n\u2019eurent aucun regret !!!<br>(<strong>Cathou<\/strong>)<\/p>\n\n\n\n<p>\u2013 Les Comptes de La Communaut\u00e9 mentionnent :<br>Consuls : Antoine AIDOUS, Pierre VALOIS et jean EDIN. Tr\u00e9sorier : jean EDIN.<br>Mandats de paiement des d\u00e9penses faites pour l\u2019ex\u00e9cution de trois &nbsp;\u00bb masques&nbsp;\u00bb (sorci\u00e8res) :<br>Ao\u00fbt 1914 :<br>\u2013 20 s pour les cordes<br>\u2013 8 s pour les trois torches de l\u2019amende honorable<br>\u2013 10 s pour les clous<br>\u2013 36 s pour la construction de la potence<br>\u2013 22 s pour les travettes<br>\u2013 20 s pour la bigue<br>\u2013 55 s pour la cire destin\u00e9e \u00e0 br\u00fbler les condamn\u00e9s<br>Octobre 1914 :<br>\u2013 remboursement aux Consuls de 15 \u00e9cus par eux donn\u00e9s \u00e0 l\u2019ex\u00e9cuteur de la haute justice<br>Extrait S\u00e9rie CC \u2013 IMPOTS ET COMPTABILITE<br>Archives de la Ville de Cassis d\u00e9pos\u00e9es aux Archives D\u00e9partementales<br>(<strong>Andr\u00e9<\/strong>)<\/p>\n","protected":false},"excerpt":{"rendered":"<p>Histoires et faits historiques\u2026 cassidens\u2026&nbsp;La chasse aux sorci\u00e8res \u00e0 cassis ! Voici ce qu\u2019\u00e9crivait au d\u00e9but du XVIIe si\u00e8cle Pierre de Lancre, membre d\u2019une commission nomm\u00e9e par Henri IV pour rechercher les Sorciers: \u00ab&nbsp;L\u2019on use de trop de douceur en France envers les Sorciers: tous bons juges doivent faire cette r\u00e9solution g\u00e9n\u00e9rale en France et [&hellip;]<\/p>\n","protected":false},"author":2,"featured_media":0,"parent":0,"menu_order":0,"comment_status":"closed","ping_status":"closed","template":"","meta":{"footnotes":""},"class_list":["post-55","page","type-page","status-publish","hentry"],"_links":{"self":[{"href":"https:\/\/legabiandechaine.com\/blog\/index.php\/wp-json\/wp\/v2\/pages\/55","targetHints":{"allow":["GET"]}}],"collection":[{"href":"https:\/\/legabiandechaine.com\/blog\/index.php\/wp-json\/wp\/v2\/pages"}],"about":[{"href":"https:\/\/legabiandechaine.com\/blog\/index.php\/wp-json\/wp\/v2\/types\/page"}],"author":[{"embeddable":true,"href":"https:\/\/legabiandechaine.com\/blog\/index.php\/wp-json\/wp\/v2\/users\/2"}],"replies":[{"embeddable":true,"href":"https:\/\/legabiandechaine.com\/blog\/index.php\/wp-json\/wp\/v2\/comments?post=55"}],"version-history":[{"count":1,"href":"https:\/\/legabiandechaine.com\/blog\/index.php\/wp-json\/wp\/v2\/pages\/55\/revisions"}],"predecessor-version":[{"id":57,"href":"https:\/\/legabiandechaine.com\/blog\/index.php\/wp-json\/wp\/v2\/pages\/55\/revisions\/57"}],"wp:attachment":[{"href":"https:\/\/legabiandechaine.com\/blog\/index.php\/wp-json\/wp\/v2\/media?parent=55"}],"curies":[{"name":"wp","href":"https:\/\/api.w.org\/{rel}","templated":true}]}}