{"id":58,"date":"2025-05-26T17:27:44","date_gmt":"2025-05-26T15:27:44","guid":{"rendered":"http:\/\/legabib.cluster100.hosting.ovh.net\/blog\/?page_id=58"},"modified":"2025-05-26T17:27:44","modified_gmt":"2025-05-26T15:27:44","slug":"histoire-de-gabotche","status":"publish","type":"page","link":"https:\/\/legabiandechaine.com\/blog\/index.php\/histoire-de-gabotche\/","title":{"rendered":"Histoire de \u00ab\u00a0GABOTCHE\u00a0\u00bb"},"content":{"rendered":"\n<figure class=\"wp-block-image size-full\"><img loading=\"lazy\" decoding=\"async\" width=\"1000\" height=\"361\" src=\"http:\/\/legabib.cluster100.hosting.ovh.net\/blog\/wp-content\/uploads\/2025\/05\/bandeau-gaboche.jpg\" alt=\"\" class=\"wp-image-59\" srcset=\"https:\/\/legabiandechaine.com\/blog\/wp-content\/uploads\/2025\/05\/bandeau-gaboche.jpg 1000w, https:\/\/legabiandechaine.com\/blog\/wp-content\/uploads\/2025\/05\/bandeau-gaboche-300x108.jpg 300w, https:\/\/legabiandechaine.com\/blog\/wp-content\/uploads\/2025\/05\/bandeau-gaboche-768x277.jpg 768w\" sizes=\"auto, (max-width: 1000px) 100vw, 1000px\" \/><\/figure>\n\n\n\n<p>Histoire du village, une curiosit\u00e9 : \u00ab\u00a0GABOTCHE\u00a0\u00bb<\/p>\n\n\n\n<p>Voici quelques dizaines d\u2019ann\u00e9es, vivait \u00e0 Cassis un \u00eatre tr\u00e8s \u00e9trange.<\/p>\n\n\n\n<p>De corpulence massive, \u00ab court sur pattes \u00bb, d\u2019ossature puissante, il devait \u00eatre d\u2019une force hercul\u00e9enne.<br>La majorit\u00e9 des gens disaient qu\u2019il ne se servait jamais de cette force car nul ne l\u2019a jamais vu se consacrer \u00e0 quelque travail que ce soit.<\/p>\n\n\n\n<p>En fait ce n\u2019est pas comp\u00e9temment vrai qu\u2019\u00e0 l\u2019\u00e9poque o\u00f9 il \u00e9tait plus jeune, Gabotche a travaill\u00e9 comme p\u00eacheur sur divers bateaux et entre autre celui de l\u2019oncle de Georges Boyer, Victorin REVEST.<br>Lorsqu\u2019il ouvrait la bouche, il sortait des sons dont on ne pouvait dire s\u2019il s\u2019agissait de mots, et dans ce cas : dans quelle langue ? Ou bien des grognements \u00e0 la mani\u00e8re des ours des cavernes\u2026<\/p>\n\n\n\n<p>Les mamans d\u2019alors, mena\u00e7aient leurs enfants d\u00e9sagr\u00e9ables : \u00ab si tu continues, j\u2019appelle Gabotche ! \u00bb Car c\u2019est ainsi qu\u2019on appelait ce nouveau croquemitaine, ce semblant de loup-garou cassiden.<\/p>\n\n\n\n<p>Il \u00e9tait v\u00eatu en toutes saisons des m\u00eames haillons d\u2019une salet\u00e9 \u00e0 faire peur, chauss\u00e9 de tatanes innommables.<br>\u00c9t\u00e9 comme hiver il tra\u00eenait dans les rues du village une vieille carriole branlante, qui lui servait \u00e0 transporter des bordilles qu\u2019il entassait chez lui !<\/p>\n\n\n\n<p>Chacune et chacun, adulte ou enfant, s\u2019\u00e9cartait sur son passage, l\u2019aspect et l\u2019odeur !<\/p>\n\n\n\n<p>Son logement se trouvait \u00e0 deux maisons plus loin que la mienne sur le m\u00eame trottoir de la rue Th\u00e9r\u00e8se Rastit.<br>Un logement si on peut dire, plut\u00f4t une caverne, un antre rempli de chiffons, de sacs vides, de cartons, de bo\u00eetes vides, parmi lesquels il vivait, allong\u00e9 au milieu de ce bric-\u00e0-brac colonis\u00e9 par toutes sortes de vermines.<\/p>\n\n\n\n<p>Cet \u00eatre plus pr\u00e8s de l\u2019animal que de l\u2019humain ne s\u2019est pas lav\u00e9 une seule fois pendant des dizaines d\u2019ann\u00e9es.<\/p>\n\n\n\n<p>\u00c0 la fin de sa vie, malade et transport\u00e9 \u00e0 l\u2019h\u00f4pital o\u00f9 il a re\u00e7u son premier bain (depuis..?). Ce fait faisait dire dans Cassis, \u00ab Gabotche est mort parce qu\u2019on l\u2019a lav\u00e9 ! \u00bb Ce qui, bien s\u00fbr, n\u2019\u00e9tait pas la r\u00e9alit\u00e9 !<\/p>\n\n\n\n<p>Pauvre Gabotche ! qui a \u00e9t\u00e9 oubli\u00e9 de tous (y compris des pouvoirs publics d\u2019alors) pendant sa vie.<\/p>\n\n\n\n<p>Il n\u2019a pourtant jamais fait le moindre mal \u00e0 quiconque. Il m\u2019a sembl\u00e9 utile qu\u2019il ait aussi une petite place dans une de mes chroniques qui raconte le village d\u2019avant.<\/p>\n\n\n\n<p>Qu\u2019on puisse dans le \u00ab si beau Cassis de l\u2019\u00e9poque \u00bb tol\u00e9r\u00e9 qu\u2019un \u00eatre humain ait pu vivre dans les conditions d\u00e9crites dans ces lignes, c\u2019est pas tr\u00e8s glorieux.<br>Un salut posthume tardif, vieux Gabotche !<\/p>\n\n\n\n<p>Cette histoire m\u2019a \u00e9t\u00e9 racont\u00e9 par Roger FROSIN. Un monsieur qui n\u2019est plus mais qui d\u00e9tenait de nombres informations et r\u00e9cits sur le Cassis ancien. (merci l\u2019ami)<\/p>\n\n\n\n<figure class=\"wp-block-image size-full\"><img loading=\"lazy\" decoding=\"async\" width=\"600\" height=\"336\" src=\"http:\/\/legabib.cluster100.hosting.ovh.net\/blog\/wp-content\/uploads\/2025\/05\/GB-gabotche-043.jpg\" alt=\"\" class=\"wp-image-60\" srcset=\"https:\/\/legabiandechaine.com\/blog\/wp-content\/uploads\/2025\/05\/GB-gabotche-043.jpg 600w, https:\/\/legabiandechaine.com\/blog\/wp-content\/uploads\/2025\/05\/GB-gabotche-043-300x168.jpg 300w\" sizes=\"auto, (max-width: 600px) 100vw, 600px\" \/><\/figure>\n\n\n\n<p><em><strong>Rectification<\/strong><\/em>\u00a0: En fait si, Gabotche a travaill\u00e9 comme p\u00eacheur sur divers bateaux et entre autre celui de l\u2019oncle de Georges Boyer, Victorin REVEST. On l\u2019aper\u00e7oit ici qui monte a bord de la barque.<br>(sur la photo de gauche \u00e0 droite : Gaby et Victorin REVEST, et assis \u00e0 l\u2019arri\u00e8re Marius LECESE dit CALENDAL. (Photo de Georges Boyer)<\/p>\n\n\n\n<p>On peut aussi apercevoir GABOTCHE assis sur les rames \u00e0 droite.<br>(A l\u2019arri\u00e8re qui tourne la t\u00eate Antoine JASOLINO fr\u00e9re de MASSETTE, et en tricot marin Laurent GALLO.)<br>(Photo de Georges Boyer)<\/p>\n\n\n\n<figure class=\"wp-block-image size-full\"><img loading=\"lazy\" decoding=\"async\" width=\"600\" height=\"345\" src=\"http:\/\/legabib.cluster100.hosting.ovh.net\/blog\/wp-content\/uploads\/2025\/05\/GB-gabotche-036.jpg\" alt=\"\" class=\"wp-image-61\" srcset=\"https:\/\/legabiandechaine.com\/blog\/wp-content\/uploads\/2025\/05\/GB-gabotche-036.jpg 600w, https:\/\/legabiandechaine.com\/blog\/wp-content\/uploads\/2025\/05\/GB-gabotche-036-300x173.jpg 300w\" sizes=\"auto, (max-width: 600px) 100vw, 600px\" \/><\/figure>\n","protected":false},"excerpt":{"rendered":"<p>Histoire du village, une curiosit\u00e9 : \u00ab\u00a0GABOTCHE\u00a0\u00bb Voici quelques dizaines d\u2019ann\u00e9es, vivait \u00e0 Cassis un \u00eatre tr\u00e8s \u00e9trange. De corpulence massive, \u00ab court sur pattes \u00bb, d\u2019ossature puissante, il devait \u00eatre d\u2019une force hercul\u00e9enne.La majorit\u00e9 des gens disaient qu\u2019il ne se servait jamais de cette force car nul ne l\u2019a jamais vu se consacrer \u00e0 [&hellip;]<\/p>\n","protected":false},"author":2,"featured_media":0,"parent":0,"menu_order":0,"comment_status":"closed","ping_status":"closed","template":"","meta":{"footnotes":""},"class_list":["post-58","page","type-page","status-publish","hentry"],"_links":{"self":[{"href":"https:\/\/legabiandechaine.com\/blog\/index.php\/wp-json\/wp\/v2\/pages\/58","targetHints":{"allow":["GET"]}}],"collection":[{"href":"https:\/\/legabiandechaine.com\/blog\/index.php\/wp-json\/wp\/v2\/pages"}],"about":[{"href":"https:\/\/legabiandechaine.com\/blog\/index.php\/wp-json\/wp\/v2\/types\/page"}],"author":[{"embeddable":true,"href":"https:\/\/legabiandechaine.com\/blog\/index.php\/wp-json\/wp\/v2\/users\/2"}],"replies":[{"embeddable":true,"href":"https:\/\/legabiandechaine.com\/blog\/index.php\/wp-json\/wp\/v2\/comments?post=58"}],"version-history":[{"count":1,"href":"https:\/\/legabiandechaine.com\/blog\/index.php\/wp-json\/wp\/v2\/pages\/58\/revisions"}],"predecessor-version":[{"id":62,"href":"https:\/\/legabiandechaine.com\/blog\/index.php\/wp-json\/wp\/v2\/pages\/58\/revisions\/62"}],"wp:attachment":[{"href":"https:\/\/legabiandechaine.com\/blog\/index.php\/wp-json\/wp\/v2\/media?parent=58"}],"curies":[{"name":"wp","href":"https:\/\/api.w.org\/{rel}","templated":true}]}}