{"id":66,"date":"2025-05-26T17:33:30","date_gmt":"2025-05-26T15:33:30","guid":{"rendered":"http:\/\/legabib.cluster100.hosting.ovh.net\/blog\/?page_id=66"},"modified":"2025-05-28T12:08:19","modified_gmt":"2025-05-28T10:08:19","slug":"le-vieux-cassis-et-les-figures-cest-quoi-qui","status":"publish","type":"page","link":"https:\/\/legabiandechaine.com\/blog\/index.php\/le-vieux-cassis-et-les-figures-cest-quoi-qui\/","title":{"rendered":"Le vieux Cassis et les figures c\u2019est quoi, qui ?"},"content":{"rendered":"\n<figure class=\"wp-block-image size-full\"><img loading=\"lazy\" decoding=\"async\" width=\"1000\" height=\"361\" src=\"http:\/\/legabib.cluster100.hosting.ovh.net\/blog\/wp-content\/uploads\/2025\/05\/bandeau-vieux.jpg\" alt=\"\" class=\"wp-image-67\" srcset=\"https:\/\/legabiandechaine.com\/blog\/wp-content\/uploads\/2025\/05\/bandeau-vieux.jpg 1000w, https:\/\/legabiandechaine.com\/blog\/wp-content\/uploads\/2025\/05\/bandeau-vieux-300x108.jpg 300w, https:\/\/legabiandechaine.com\/blog\/wp-content\/uploads\/2025\/05\/bandeau-vieux-768x277.jpg 768w\" sizes=\"auto, (max-width: 1000px) 100vw, 1000px\" \/><\/figure>\n\n\n\n<p>Depuis que je vous raconte le vieux Cassis, certains pourraient se demander :<\/p>\n\n\n\n<p>\u2013 Mais d\u2019o\u00f9 il tient tout \u00e7a ce fada ?<\/p>\n\n\n\n<p>Ben c\u2019est simple, avant tout, j\u2019ai toujours respect\u00e9 les anciens du village qui me le rendaient bien, en me racontant des histoires que malheureusement je ne me souviens plus de toutes\u2026 surtout quand j\u2019\u00e9tais vraiment jeune, les vieux parlaient \u00e0 moiti\u00e9 proven\u00e7al, que d\u00e9j\u00e0 chez moi \u00e7a parlait Deutsch, et que comme un bon cassiden qui se respecte, j\u2019avais du mal \u00e0 parler correctement le fran\u00e7ais, m\u00eame si nos maitres et maitresses d\u2019\u00e9cole se donnaient du mal de chien pour y arriver.<\/p>\n\n\n\n<p>Je me souviens d\u2019un petit vieux surnomm\u00e9 N\u00e9n\u00e9.<\/p>\n\n\n\n<p>Il \u00e9tait tout biscanti, de petite taille le dos pli\u00e9, les mains prot\u00e9g\u00e9es par des mitaines, tenant deux cannes fermement pour se d\u00e9placer en avan\u00e7ant doucement.<\/p>\n\n\n\n<p>Ho, il n\u2019allait jamais bien loin, juste de chez lui \u00e0 un des bancs devant les \u00e9piceries de Compain et d\u2019All\u00e8gre, ou devant le magasin d\u2019articles de p\u00eache de Pauline Revest, en face du petit m\u00f4le, c\u2019est selon\u2026 Une fois install\u00e9, il y restait plusieurs heures.<\/p>\n\n\n\n<p>Impossible de passer devant lui sans qu\u2019il me dise aussit\u00f4t, \u00ab bonjour minot \u00bb, ce qui voulait dire, allez viens t\u2019assoir deux minutes.<\/p>\n\n\n\n<p>On se parlait peu, parfois entre deux grands silences\u2026 mais je savais bien que l\u2019important pour lui, c\u2019\u00e9tait que je prenne le temps de me poser \u00e0 c\u00f4t\u00e9 de lui\u2026<\/p>\n\n\n\n<p>Quand j\u2019ai cr\u00e9\u00e9 le Gabian d\u00e9cha\u00een\u00e9, mon site que vous \u00eates nombreux \u00e0 connaitre, et que certains que je nommerai pas, ne se privent pas d\u2019y prendre des photos, sans partager les leurs\u2026 mais comme c\u2019est une histoire qui me f\u00e2che, je vais poursuivre\u2026<\/p>\n\n\n\n<p>Site qui est ouvert depuis 2001 o\u00f9 vous pouvez trouver plein de photos de nos anciens et ciennes du village, et m\u00eame les noms.<\/p>\n\n\n\n<p>Ce qui nous a permis de longue discussion avec encore des anciens, pour savoir qui \u00e9tait qui sur les photos, que, patin couffin, des informations on en a eu des tonnes.<\/p>\n\n\n\n<p>C\u2019est \u00e0 ce moment-l\u00e0, que j\u2019ai compris une chose, c\u2019est que j\u2019aimais Cassis, \u00e7a c\u2019est clair, mais qu\u2019il \u00e9tait plus important encore, d\u2019aimer les gens plus que les pierres.<\/p>\n\n\n\n<p>J\u2019ai re\u00e7u et re\u00e7ois encore des mails de familles de partout, et quand je dis de partout, c\u2019est bien au-del\u00e0 la couronne de Charlemagne, de la France enti\u00e8re. Du Canada, des USA, d\u2019Argentine, etc\u2026 des gens qui ont v\u00e9cu un temps \u00e0 Cassis ou \u00e0 la recherche d\u2019infos ou des photos d\u2019un a\u00efeul ou d\u2019un tonton de leurs familles cassidennes dont ils n\u2019avaient plus de nouvelles, avant de d\u00e9couvrir sur Internet, not\u00e9s leurs noms au-dessus de l\u2019une de nos photos.<\/p>\n\n\n\n<p>Que des cassidens, il y en a eu qui ont voyag\u00e9 dans le monde entier, et qui m\u00eame ont fait des petits, bien s\u00fbr.<\/p>\n\n\n\n<p>Quand je relis certains de ces messages que j\u2019ai conserv\u00e9s et qui m\u2019ont \u00e9mu, j\u2019y retrouve plein de joie, bonheur, souvenirs avec parfois un peu de nostalgie, que je peux deviner dans leurs yeux humides \u00e0 travers leurs plumes.<\/p>\n\n\n\n<p>Mais plut\u00f4t que de vous en parler, je vais vous en partager certains passages, et vous allez comprendre ;<\/p>\n\n\n\n<p>.<br>\u2013 Une premi\u00e8re d\u2019un d\u00e9nomm\u00e9 Dominique !<\/p>\n\n\n\n<p>Tout a commenc\u00e9 par une phrase que disait ma grand-m\u00e8re : \u00ab&nbsp;pitchon, buvez pas l\u2019eau du canal, aquo \u00e8s f\u00e9brous&nbsp;\u00bb. Mais o\u00f9 passait donc ce canal, \u00e0 Cassis ?<\/p>\n\n\n\n<p>Apr\u00e8s quelques clics les recherches m\u2019ont fait trouver votre site des figures par hasard.<\/p>\n\n\n\n<p>Je me nomme Dominique x 55 ans, je suis le fils de R\u00e9gis n\u00e9 \u00e0 Cassis, petit-fils de Ferdinand x et Josephine (n\u00e9e Jacquet, fille de Mountcher le Braconnier).<\/p>\n\n\n\n<p>Mon grand-p\u00e8re faisait sonner les cloches de l\u2019\u00e9glise et a fait l\u2019instituteur de l\u2019\u00e9cole priv\u00e9e des gar\u00e7ons jusqu\u2019\u00e0 1953, date de son d\u00e9part de Cassis.<\/p>\n\n\n\n<p>Je vous fais parvenir les deux seules photos en ma possession. Elles ont \u00e9t\u00e9 prises le jour du pot de d\u00e9part.<\/p>\n\n\n\n<p>Sur celle cadr\u00e9e horizontalement on voit de droite \u00e0 gauche : Ferdinand Dumonteil, son \u00e9pouse, son fils Raymond, son fils Paul (avec la montre). Sur la photo cadr\u00e9e verticalement de droite \u00e0 gauche, on peut voir : Phylom\u00e8ne Estoupant, Andr\u00e9 Loicq (avec la cravate), Ferdinand Dumonteil (avec un verre), Riri Chabert (de la Ferme Blanche).<\/p>\n\n\n\n<p>La lecture de votre site m\u2019a rappel\u00e9 des souvenirs de souvenirs de ma famille. Bien s\u00fbr Gabotche et son cousin \u00ab l\u2019homme \u00e0 la saqu\u00e8 \u00bb, la gare \u00e0 caca, Tolosan des Jeannot qui ventilait la merde, les histoires de processions, des privations, de la guerre\u2026 les perles des \u00e9l\u00e8ves dont on retrouve les noms de famille dans vos albums.<\/p>\n\n\n\n<p>\u2014\u2014\u2014\u2014\u2014\u2014\u2014\u2014<\/p>\n\n\n\n<p>\u2013 Une autre lettre d\u2019une Frankie,<\/p>\n\n\n\n<p>Je suis arriv\u00e9e sur votre site par hasard et l\u00e0, je me suis pris une grande claque qui m\u2019a renvoy\u00e9e plus de 50 ans en arri\u00e8re.\u00a0\u00a0Ce site est purement g\u00e9nial. C\u2019est vraiment un grand bonheur.<\/p>\n\n\n\n<p>J\u2019ai v\u00e9cu \u00e0 Cassis un temps. Je n\u2019aurais jamais d\u00fb en partir. :'(<br>Je m\u2019occupais du petit salon de coiffure de Gaston, sur le Port, au 1er \u00e9tage d\u2019une maison o\u00f9 habitaient Jo et Henri Marnac, \u00e0 c\u00f4t\u00e9 d\u2019une \u00e9picerie (\u00ab&nbsp;Teisseire&nbsp;\u00bb, je crois), et me semble-t-il pr\u00e8s d\u2019une l\u2019horloge que je ne retrouve sur aucune photo.<\/p>\n\n\n\n<p>Qu\u2019est ce que c\u2019\u00e9tait chouette.\u00a0\u00a0J\u2019ai vraiment pass\u00e9 de bons moments. Les gens \u00e9taient sympas, simples, et la vie hors saison vraiment agr\u00e9able. On \u00e9tait toute une bande de copains de tous \u00e2ges, qui se retrouvait le soir chez Fran\u00e7oise Tr\u00e9net et son K-6 Club nich\u00e9 au fond du Bar de la Marine.<br>J\u2019\u00e9tais \u00e9galement super \u00ab\u00a0copine\u00a0\u00bb avec les p\u00eacheurs qui m\u2019avaient baptis\u00e9e \u00ab\u00a0Bigoudi\u00a0\u00bb. Ils m\u2019appelaient par la fen\u00eatre pour manger des oursins d\u00e8s le matin : avec \u00ab\u00a0l\u2019assent\u00a0\u00bb &lt;&lt; Oh ! Bigoudi ! T&rsquo;oublies pas ta bouteille ! >> La journ\u00e9e commen\u00e7ait bien !!!!<\/p>\n\n\n\n<p>Peut-\u00eatre quelqu\u2019un se souviendra-t-il de moi. J\u2019ai retrouv\u00e9 une vieille photo que je vous envoie. Elle a \u00e9t\u00e9 prise par la Presse locale. Les anciens reconna\u00eetront Yette, Fran\u00e7ois, Perdican et, en vedette, Georges Ulmer.<br>Il manque TonTon. Yette \u00e9tait venue me sortir de mon salon pour poser sur la photo. Les honneurs de la presse, rien que \u00e7a !!!<\/p>\n\n\n\n<p>Sur votre site, j\u2019ai revu avec bonheur beaucoup de personnes que j\u2019ai connues. J\u2019avais oubli\u00e9 les noms mais pas les visages. Je me souviens de Christian Vanni qui \u00e9tait un v\u00e9ritable ami et de Jo Marnac qui m\u2019a tellement fait rire avec son humour d\u00e9capant et qui me faisait tourner en bourrique avec ses m\u00e8ches rebelles.<br>Toute heureuse, je retourne \u00e0 ma lecture sur votre site et je vous souhaite une bonne journ\u00e9e.<\/p>\n\n\n\n<p>\u2014\u2014\u2014\u2014\u2014\u2014\u2013<br>.<\/p>\n\n\n\n<p>Voil\u00e0, vous comprendrez mieux pourquoi j\u2019aime autant mon village que les cassidens de tout temps, qui sont et qui le seront encore longtemps je l\u2019esp\u00e8re, l\u2019\u00e2me de Cassis\u2026 en nous pr\u00eatant, avec mes fid\u00e8les, au jeu depuis vingt ans, de faire vivre et revivre des images d\u2019eux et pr\u00e9sentement des histoires et des souvenirs qui font tous partie int\u00e9grante de celui-ci.<\/p>\n","protected":false},"excerpt":{"rendered":"<p>Depuis que je vous raconte le vieux Cassis, certains pourraient se demander : \u2013 Mais d\u2019o\u00f9 il tient tout \u00e7a ce fada ? Ben c\u2019est simple, avant tout, j\u2019ai toujours respect\u00e9 les anciens du village qui me le rendaient bien, en me racontant des histoires que malheureusement je ne me souviens plus de toutes\u2026 surtout [&hellip;]<\/p>\n","protected":false},"author":2,"featured_media":0,"parent":0,"menu_order":1,"comment_status":"closed","ping_status":"closed","template":"","meta":{"footnotes":""},"class_list":["post-66","page","type-page","status-publish","hentry"],"_links":{"self":[{"href":"https:\/\/legabiandechaine.com\/blog\/index.php\/wp-json\/wp\/v2\/pages\/66","targetHints":{"allow":["GET"]}}],"collection":[{"href":"https:\/\/legabiandechaine.com\/blog\/index.php\/wp-json\/wp\/v2\/pages"}],"about":[{"href":"https:\/\/legabiandechaine.com\/blog\/index.php\/wp-json\/wp\/v2\/types\/page"}],"author":[{"embeddable":true,"href":"https:\/\/legabiandechaine.com\/blog\/index.php\/wp-json\/wp\/v2\/users\/2"}],"replies":[{"embeddable":true,"href":"https:\/\/legabiandechaine.com\/blog\/index.php\/wp-json\/wp\/v2\/comments?post=66"}],"version-history":[{"count":1,"href":"https:\/\/legabiandechaine.com\/blog\/index.php\/wp-json\/wp\/v2\/pages\/66\/revisions"}],"predecessor-version":[{"id":68,"href":"https:\/\/legabiandechaine.com\/blog\/index.php\/wp-json\/wp\/v2\/pages\/66\/revisions\/68"}],"wp:attachment":[{"href":"https:\/\/legabiandechaine.com\/blog\/index.php\/wp-json\/wp\/v2\/media?parent=66"}],"curies":[{"name":"wp","href":"https:\/\/api.w.org\/{rel}","templated":true}]}}