{"id":73,"date":"2025-05-26T17:46:05","date_gmt":"2025-05-26T15:46:05","guid":{"rendered":"http:\/\/legabib.cluster100.hosting.ovh.net\/blog\/?page_id=73"},"modified":"2025-05-26T17:46:05","modified_gmt":"2025-05-26T15:46:05","slug":"leon-trotski-a-cassis","status":"publish","type":"page","link":"https:\/\/legabiandechaine.com\/blog\/index.php\/leon-trotski-a-cassis\/","title":{"rendered":"L\u00e9on Trotski \u00e0 Cassis ?"},"content":{"rendered":"\n<p><em>Histoires et faits historiques\u2026 cassidennes :<\/em>&nbsp;<strong>L\u00e9on Trotski \u00e0 Cassis :<\/strong><\/p>\n\n\n\n<p>L\u00e9on Trotski \u00e0 Cassis :<\/p>\n\n\n\n<p>Pour les besoins de ce dossier sur la pr\u00e9sence de L\u00e9on Trotski \u00e0 Cassis, je pense avoir pu d\u00e9chiffrer et situer dans les \u00e9v\u00e8nements d\u00e9crits par des historiens, mais aussi dans les souvenirs relat\u00e9s par nos anciens du village\u2026<\/p>\n\n\n\n<figure class=\"wp-block-image size-full\"><img loading=\"lazy\" decoding=\"async\" width=\"200\" height=\"303\" src=\"http:\/\/legabib.cluster100.hosting.ovh.net\/blog\/wp-content\/uploads\/2025\/05\/Trotzki.jpg\" alt=\"\" class=\"wp-image-74\" srcset=\"https:\/\/legabiandechaine.com\/blog\/wp-content\/uploads\/2025\/05\/Trotzki.jpg 200w, https:\/\/legabiandechaine.com\/blog\/wp-content\/uploads\/2025\/05\/Trotzki-198x300.jpg 198w\" sizes=\"auto, (max-width: 200px) 100vw, 200px\" \/><\/figure>\n\n\n\n<p>Trotski est expuls\u00e9 d\u2019URSS en f\u00e9vrier 1929, apr\u00e8s quatre ann\u00e9es pass\u00e9es en Turquie il est accept\u00e9 comme r\u00e9fugier politique en France, c\u2019est \u00e0 l\u2019occasion de ce voyage qu\u2019il d\u00e9barque \u00e0 Cassis le 24 juillet 1933.<\/p>\n\n\n\n<p>\u00ab Trotsky et les amis qui les accompagnaient arriv\u00e8rent \u00e0 Marseille le 24 Juillet 1933. La police, craignant que des manifestations n\u2019aient lieu au point de d\u00e9barquement ordinaire dans le grand port, avait arrang\u00e9 un d\u00e9barquement en vedette \u00e0 Cassis. Un fonctionnaire de la s\u00fbret\u00e9 les conduisit ensuite, par la route, \u00e0 Saint-Palais, pr\u00e8s Royan, lieu choisi pour sa premi\u00e8re r\u00e9sidence en France. \u00bb<\/p>\n\n\n\n<p>Il s\u00e9journera en France de juillet 1933 \u00e0 juin 1935, surtout en Is\u00e8re, puis expuls\u00e9 \u00e0 nouveau, il trouve refuge en Norv\u00e8ge, puis au Mexique, ou il sera assassin\u00e9.<\/p>\n\n\n\n<p>On parle aussi d\u2019un groupe de personnes qui sont arriv\u00e9 au village avec 2 ou 3 Citro\u00ebn Traction Avant, qui recherchaient un bateau pour \u00eatre accompagn\u00e9 dans la calanque d\u2019en-vau.<br>Ils ont demand\u00e9 \u00e0 Alexis PASTORINO qui avait une petite vedette de promenade pour qu\u2019il les conduise a en-vau, mais alexis n\u2019est pas rassur\u00e9 et pr\u00e9texte un probl\u00e8me de magnetto sur son bateau\u2026 alors, il sont aller demander \u00e0 Jean BANCHETTI (grand p\u00e8re de jean PARLATO), qui a embarqu\u00e9 les deux hommes pour r\u00e9cup\u00e9rer ces curieux passagers qui les attendent \u00e0 en-vau.<br>Bien plus tard, ils apprendront qu\u2019il s\u2019agissait de TROTSKY.<\/p>\n\n\n\n<p><strong>Truchon<\/strong><\/p>\n\n\n\n<p>&#8212;&#8212;&#8212;&#8212;&#8212;&#8212;&#8212;&#8212;&#8212;&#8212;&#8212;&#8212;&#8212;<\/p>\n\n\n\n<p><strong>Le r\u00e9cit de la bouche m\u00eame de Trotski:<\/strong><\/p>\n\n\n\n<p>\u00ab&nbsp;On the motor boat, only my wife and myself, because my son, Leon Sedov. was on board. (It was promised me that Mr. Solow would help me with my English. But he is seated so far away, he cannot help.) It was organized, I must say, very well, our reception. My son, on board the ship, gave a letter to Van Heijenoort, with all the instructions in the letter. It was impossible to oblige the ship to remain too long a time. Then, all the four, Max Shachtman, Sara Weber, Van Heijenoort and Adolphe, remained aboard. We were on the motor boat and we went to Cassis. It is a small town not far from Marseilles. In Cassis, in a hidden place it was a place not good for the public\u2014a secluded place, there were two autos, two cars. In one of the cars there were Leprince, not a political, not my political, follower, but a neutral, an impartial, we will say\u2014this Raymond Leprince, and then Laste, another Frenchman. And then two sailors and a representative of the S\u00fbgret\u00e9 Natioriale, of the French police. All this story was many times told by the French press. With these two cars, we immediately started, not in the direction of Paris\u2014it was the 24th of July\u2014not in the direction of Paris, as supposed in the depositions in the Moscow trial, but in the direction of Montpellier, Albi, Montauban, Bordeaux, to a small village called St. Palais, a town, I believe, a few kilometers from Royan, to a villa in St. Palais named \u00ab&nbsp;Les Embruns.&nbsp;\u00bb<\/p>\n\n\n\n<p><em>\u00ab\u00a0Sur le bateau \u00e0 moteur, seulement ma femme et moi-m\u00eame, parce que mon fils, Leon Sedov. \u00e9tait \u00e0 bord. (On m\u2019a promis que M. Solow m\u2019aiderait avec mon anglais. Mais il est assis si loin, il ne peut pas aider.) Il a \u00e9t\u00e9 organis\u00e9, je dois dire, tr\u00e8s bien, notre r\u00e9ception. Mon fils, \u00e0 bord du navire, a donn\u00e9 une lettre \u00e0 Van Heijenoort, avec toutes les instructions dans la lettre. Il \u00e9tait impossible d\u2019obliger le navire \u00e0 rester trop longtemps. Puis, tous les quatre, Max Shachtman, Sara Weber, Van Heijenoort et Adolphe sont rest\u00e9s \u00e0 bord. Nous \u00e9tions sur le bateau \u00e0 moteur et nous sommes all\u00e9s \u00e0 Cassis. C\u2019est une petite ville non loin de Marseille. \u00c0 Cassis, dans un endroit cach\u00e9, c\u2019\u00e9tait un endroit qui n\u2019\u00e9tait pas bon pour le public \u2014 un endroit isol\u00e9, il y avait deux voitures, deux voitures. Dans une des voitures, il y avait Leprince, non pas un politicien, ni mon politicien, mais un neutre, un impartial, dirons-nous\u2014ce Raymond Leprince, et ensuite Laste, un autre Fran\u00e7ais. Et puis deux marins et un repr\u00e9sentant du S\u00fbgret\u00e9 Natioriale, de la police fran\u00e7aise. Toute cette histoire a \u00e9t\u00e9 racont\u00e9e plusieurs fois par la presse fran\u00e7aise. Avec ces deux voitures, nous part\u00eemes imm\u00e9diatement, non pas en direction de Paris \u2014 c\u2019\u00e9tait le 24\u00a0juillet \u2014, non pas en direction de Paris, comme on le supposait dans les d\u00e9positions du proc\u00e8s de Moscou, mais en direction de Montpellier, d\u2019Albi, de Montauban, de Bordeaux, jusqu\u2019\u00e0 un petit village appel\u00e9 St. Palais, une ville, je crois, \u00e0 quelques kilom\u00e8tres de Royan, \u00e0 une villa \u00e0 St. Palais nomm\u00e9e \u00ab\u00a0Les Embruns\u00a0\u00bb.<\/em><\/p>\n","protected":false},"excerpt":{"rendered":"<p>Histoires et faits historiques\u2026 cassidennes :&nbsp;L\u00e9on Trotski \u00e0 Cassis : L\u00e9on Trotski \u00e0 Cassis : Pour les besoins de ce dossier sur la pr\u00e9sence de L\u00e9on Trotski \u00e0 Cassis, je pense avoir pu d\u00e9chiffrer et situer dans les \u00e9v\u00e8nements d\u00e9crits par des historiens, mais aussi dans les souvenirs relat\u00e9s par nos anciens du village\u2026 Trotski [&hellip;]<\/p>\n","protected":false},"author":2,"featured_media":0,"parent":0,"menu_order":0,"comment_status":"closed","ping_status":"closed","template":"","meta":{"footnotes":""},"class_list":["post-73","page","type-page","status-publish","hentry"],"_links":{"self":[{"href":"https:\/\/legabiandechaine.com\/blog\/index.php\/wp-json\/wp\/v2\/pages\/73","targetHints":{"allow":["GET"]}}],"collection":[{"href":"https:\/\/legabiandechaine.com\/blog\/index.php\/wp-json\/wp\/v2\/pages"}],"about":[{"href":"https:\/\/legabiandechaine.com\/blog\/index.php\/wp-json\/wp\/v2\/types\/page"}],"author":[{"embeddable":true,"href":"https:\/\/legabiandechaine.com\/blog\/index.php\/wp-json\/wp\/v2\/users\/2"}],"replies":[{"embeddable":true,"href":"https:\/\/legabiandechaine.com\/blog\/index.php\/wp-json\/wp\/v2\/comments?post=73"}],"version-history":[{"count":1,"href":"https:\/\/legabiandechaine.com\/blog\/index.php\/wp-json\/wp\/v2\/pages\/73\/revisions"}],"predecessor-version":[{"id":75,"href":"https:\/\/legabiandechaine.com\/blog\/index.php\/wp-json\/wp\/v2\/pages\/73\/revisions\/75"}],"wp:attachment":[{"href":"https:\/\/legabiandechaine.com\/blog\/index.php\/wp-json\/wp\/v2\/media?parent=73"}],"curies":[{"name":"wp","href":"https:\/\/api.w.org\/{rel}","templated":true}]}}