{"id":79,"date":"2025-05-26T17:49:52","date_gmt":"2025-05-26T15:49:52","guid":{"rendered":"http:\/\/legabib.cluster100.hosting.ovh.net\/blog\/?page_id=79"},"modified":"2025-05-26T17:49:52","modified_gmt":"2025-05-26T15:49:52","slug":"poesie-cassidenne","status":"publish","type":"page","link":"https:\/\/legabiandechaine.com\/blog\/index.php\/poesie-cassidenne\/","title":{"rendered":"Po\u00e9sie cassidenne"},"content":{"rendered":"\n<figure class=\"wp-block-image size-full\"><img loading=\"lazy\" decoding=\"async\" width=\"761\" height=\"502\" src=\"http:\/\/legabib.cluster100.hosting.ovh.net\/blog\/wp-content\/uploads\/2025\/05\/2-2-poeme-printemps-1000.jpg\" alt=\"\" class=\"wp-image-80\" srcset=\"https:\/\/legabiandechaine.com\/blog\/wp-content\/uploads\/2025\/05\/2-2-poeme-printemps-1000.jpg 761w, https:\/\/legabiandechaine.com\/blog\/wp-content\/uploads\/2025\/05\/2-2-poeme-printemps-1000-300x198.jpg 300w\" sizes=\"auto, (max-width: 761px) 100vw, 761px\" \/><\/figure>\n\n\n\n<p><strong>\u2013 Le printemps \u00e0 Cassis.<\/strong><\/p>\n\n\n\n<p>J\u2019aime Cassis, mon ami, mon vieux village sans \u00e2ge,<br>Que chaque matin je vois renaitre au soleil levant,<br>Alors que Dame Nature nous annonce le printemps,<br>Saison qui avance \u00e0 chaque heure de clocher tintant.<\/p>\n\n\n\n<p>Quand sur lui l\u2019ombre s\u2019efface pour s\u2019ouvrir au soleil,<br>Que les toits rouges et les vignes sortent du sommeil,<br>A l\u2019instant, quand se d\u00e9gage mon champ de vision,<br>O\u00f9 mes yeux se r\u00e9galent, contemplent jusqu\u2019\u00e0 l\u2019horizon.<\/p>\n\n\n\n<p>J\u2019aime Cassis, je l\u2019aime comme on aime une femme,<br>Sa douceur de vivre, sa lumi\u00e8re, son sourire sans \u00e2me,<br>M\u00eame si parfois on lui demande, on la prie de se taire,<br>Quand le brouhaha de la foule couvre le chant de la mer.<\/p>\n\n\n\n<p>On oublie les nuages le vent et les jours gris,<br>Le froid, les deniers frissons et les quelques pluies,<br>Puis ce mistral glacial sur un ciel toujours changeant,<br>Donnant du vague \u00e0 l\u2019\u00e2me en attendant le beau temps.<\/p>\n\n\n\n<p>En sortant de chez soi, de bonne heure on se retrouve,<br>Sur le port \u00e9clair\u00e9 que nos visages savourent,<br>Le plaisir de se voir, de s\u2019\u00e9treindre, de s\u2019aimer,<br>Sachant que les Cassidens sont les premiers lev\u00e9s.<\/p>\n\n\n\n<p>Un matin calme et serein en qu\u00eate de douceur,<br>Un jour de partage, ou simplement de bonheur.<br>\u00c9couter le bruit des vagues sur les rives de sa baie,<br>En attendant le r\u00e9veil de notre havre de paix.<\/p>\n\n\n\n<p>Bient\u00f4t c\u2019est de trouver la fra\u00eecheur dans nos ruelles,<br>Se frayer un chemin, loin du mouvement perp\u00e9tuel,<br>L\u2019\u00e9t\u00e9, c\u2019est bient\u00f4t qu\u2019on ouvre la bo\u00eete de Pandore,<br>Pour que les fourmis besognent sans faire trop d\u2019efforts.<\/p>\n\n\n\n<p>Mais aujourd\u2019hui c\u2019est le printemps, saison \u00e9ph\u00e9m\u00e8re,<br>Le village est tout \u00e0 nous, comme le soleil et la mer,<br>Profitons de Cassis, de notre village que j\u2019adore,<br>Jusqu\u2019au moment du soir, o\u00f9 le soleil s\u2019endort.<\/p>\n\n\n\n<p>A plus les Cassidens !<\/p>\n\n\n\n<p><strong>Phil Siep<\/strong>&nbsp;2021.<\/p>\n","protected":false},"excerpt":{"rendered":"<p>\u2013 Le printemps \u00e0 Cassis. J\u2019aime Cassis, mon ami, mon vieux village sans \u00e2ge,Que chaque matin je vois renaitre au soleil levant,Alors que Dame Nature nous annonce le printemps,Saison qui avance \u00e0 chaque heure de clocher tintant. Quand sur lui l\u2019ombre s\u2019efface pour s\u2019ouvrir au soleil,Que les toits rouges et les vignes sortent du sommeil,A [&hellip;]<\/p>\n","protected":false},"author":2,"featured_media":0,"parent":0,"menu_order":0,"comment_status":"closed","ping_status":"closed","template":"","meta":{"footnotes":""},"class_list":["post-79","page","type-page","status-publish","hentry"],"_links":{"self":[{"href":"https:\/\/legabiandechaine.com\/blog\/index.php\/wp-json\/wp\/v2\/pages\/79","targetHints":{"allow":["GET"]}}],"collection":[{"href":"https:\/\/legabiandechaine.com\/blog\/index.php\/wp-json\/wp\/v2\/pages"}],"about":[{"href":"https:\/\/legabiandechaine.com\/blog\/index.php\/wp-json\/wp\/v2\/types\/page"}],"author":[{"embeddable":true,"href":"https:\/\/legabiandechaine.com\/blog\/index.php\/wp-json\/wp\/v2\/users\/2"}],"replies":[{"embeddable":true,"href":"https:\/\/legabiandechaine.com\/blog\/index.php\/wp-json\/wp\/v2\/comments?post=79"}],"version-history":[{"count":1,"href":"https:\/\/legabiandechaine.com\/blog\/index.php\/wp-json\/wp\/v2\/pages\/79\/revisions"}],"predecessor-version":[{"id":81,"href":"https:\/\/legabiandechaine.com\/blog\/index.php\/wp-json\/wp\/v2\/pages\/79\/revisions\/81"}],"wp:attachment":[{"href":"https:\/\/legabiandechaine.com\/blog\/index.php\/wp-json\/wp\/v2\/media?parent=79"}],"curies":[{"name":"wp","href":"https:\/\/api.w.org\/{rel}","templated":true}]}}