{"id":82,"date":"2025-05-26T17:53:29","date_gmt":"2025-05-26T15:53:29","guid":{"rendered":"http:\/\/legabib.cluster100.hosting.ovh.net\/blog\/?page_id=82"},"modified":"2025-05-26T17:53:29","modified_gmt":"2025-05-26T15:53:29","slug":"qua-vist","status":"publish","type":"page","link":"https:\/\/legabiandechaine.com\/blog\/index.php\/qua-vist\/","title":{"rendered":"QU\u2019A VIST\u2026"},"content":{"rendered":"\n<p><strong>Origine du dicton de la ville de Cassis<\/strong><\/p>\n\n\n\n<p><em>Voici le texte int\u00e9gral des vers de F. MISTRAL qui ont donn\u00e9 naissance au dicton de la ville de Cassis ; en proven\u00e7al Mistralien, c\u2019est \u00e0 dire en classique :<\/em><\/p>\n\n\n\n<figure class=\"wp-block-image size-full\"><img loading=\"lazy\" decoding=\"async\" width=\"225\" height=\"300\" src=\"http:\/\/legabib.cluster100.hosting.ovh.net\/blog\/wp-content\/uploads\/2025\/05\/gare-de-cassis-225x300-1.jpg\" alt=\"\" class=\"wp-image-83\"\/><\/figure>\n\n\n\n<p><em>\u00bb&nbsp;<\/em>Si\u00e9u de Cassis, vilo marine<br>E clau de Fran\u00e7o, Dins l\u2019oumbrino<br>P\u00e8r vautre es amaga lou noum de moun pa\u00efs.<\/p>\n\n\n\n<p>Mai, quand siegu\u00e8sse \u00e0 milo l\u00e8go,<br>Gens de si fi\u00e9u noun lou ren\u00e8go,<br>Car TAU QU\u2019A VIST PARIS, coul\u00e8go,<br>SE NOUN A VIST CASSIS, POU DIRE : N\u2019AI REN VIST \u00bb<\/p>\n\n\n\n<p><em>Traduction en fran\u00e7ais :<\/em><em>&nbsp;&nbsp;\u00bb Je suis de Cassis \u2013 ville de mer<br>\u2013&nbsp;<\/em><em>et clef de France. Dans l\u2019ombre<br>\u2013 pour vous tous est cach\u00e9 le nom de ma patrie<br>\u2013 mais, serait-il \u00e0 mille lieues<br>\u2013 nul de ses fils ne le renie<br>\u2013 car TEL A VU PARIS, COMPAGNON<br>\u2013 QUI PEUT DIRE, S\u2019IL N\u2019A PAS VU CASSIS :<br>JE N\u2019AI RIEN VU.&nbsp;<\/em><em>\u00ab&nbsp;<\/em><\/p>\n\n\n\n<p>&#8212;&#8212;&#8212;&#8212;&#8212;&#8212;&#8212;&#8212;&#8212;&#8212;&#8212;&#8212;&#8212;&#8212;&#8212;&#8211;<\/p>\n\n\n\n<p>(compl\u00e9tement sur l\u2019origine du dicton de la Ville de CASSIS)<\/p>\n\n\n\n<p>Juste quelques petites pr\u00e9cisions sur le c\u00e9l\u00e8bre vers qui ornait autrefois les cars de Cassis \u00ab Qu\u2019a vist Paris se noun a vist Cassis a ren vist \u00bbCertes notre grand Mistral a donn\u00e9 un regain de jeunesse dans son po\u00e8me de \u00abcalendau\u00bb le petit p\u00e9cheur d\u2019anchois de Cassis, mais ce dicton a quelque chose qui remonte un peu \u00e0 la nuit des temps.<\/p>\n\n\n\n<p>\u2026Lorsque la paix des Pyr\u00e9n\u00e9es eut consacr\u00e9 la victoire de Louis XIV sur presque toute l\u2019Europe ligu\u00e9e contre lui, le Mar\u00e9chal La Feuillade fit \u00e9riger \u00e0 Paris en 1686, au milieu de la place de la victoire, une fontaine monumentale. Elle \u00e9tait surmont\u00e9e d\u2019une statue du Roi \u2013 Soleil en costume d\u2019empereur romain, couronn\u00e9 de laurier par la victoire et foulant aux pieds Cerb\u00e8re aux trois gueules, embl\u00e8me de la triple Alliance form\u00e9e, contre la France, par l\u2019Angleterre, la Hollande et la Su\u00e8de en 1668.<\/p>\n\n\n\n<p>Autour du pi\u00e9destal, quatre figures d\u2019esclaves encha\u00een\u00e9s symbolisaient les nations vaincues par les armes du grand roi \u00e0 diff\u00e9rentes \u00e9poques de son r\u00e8gne<\/p>\n\n\n\n<p>La hauteur totale de ce splendide monument de marbre et de bronze dor\u00e9 \u00e9tait de 38 pieds, soit environ 12 m 50.<\/p>\n\n\n\n<p>Deux ou trois ans apr\u00e8s son inauguration, un artiste inconnu, dont l\u2019histoire n\u2019a pas gard\u00e9 le nom, vint \u00e0 Cassis et obtint la faveur d\u2019\u00e9lever, Place Royale (place de la R\u00e9publique aujourd\u2019hui) une reproduction simplifi\u00e9e, la victoire et le cerb\u00e8re \u00e9tant supprim\u00e9s et de dimensions beaucoup plus modeste puisque son \u00e9l\u00e9vation n\u2019\u00e9tait que d\u2019une canne de six pans, c\u2019est \u00e0 dire de 3 m 50 de celle qu\u2019il avait admir\u00e9e \u00e0 Paris.<\/p>\n\n\n\n<p>Sur chacune de ces quatre faces, un mascaron laissait couler l\u2019eau de la fontaine de Muret, la seule alimentant Cassis.<\/p>\n\n\n\n<p>Le projet fut r\u00e9alis\u00e9\u2026 La fontaine de Cassis \u00e9tait l\u2019orgueil des cassidens, comme l\u2019\u00e9tait des parisiens sa grande s\u0153ur de la Place Royale. Disons m\u00eame que la miniature cassidenne dans ce concours de beaut\u00e9s monumentales, en un si\u00e8cle ou l\u2019art et les lettres \u00e9taient en faveur remporta le grand prix. De Paris \u00e0 Cassis et de Cassis \u00e0 Paris, il n\u2019y avait qu\u2019une voix pour vous dire : la fontaine de Cassis est cent fois plus belle que celle de Paris ! Bient\u00f4t, le fameux dicton fut lanc\u00e9, mais sous la forme :<\/p>\n\n\n\n<p>\u00ab Qu\u2019a vist la font de Paris se noun a vist la font de Cassis a ren vist \u00bb ? Cette phrase, est plusieurs fois cit\u00e9e par divers auteurs du XVIII e si\u00e8cle.En 1785, un stupide accident devait pour toujours priver Cassis de la merveille qui faisait sa gloire en France. Un p\u00e9cheur catalan appartenant \u00e0 l\u2019\u00e9quipage de l\u2019un de ces bateaux qui \u00e0 l \u2018\u00e9poque, pratiquaient la p\u00eache du corail dans les eaux de Cassis, eut l\u2019id\u00e9e malencontreuse de grimper au sommet de la fontaine pour mieux suivre la c\u00e9l\u00e8bre course de chevaux organis\u00e9e chaque ann\u00e9e \u00e0 l\u2019occasion du \u00abtrin de la Saint-Pierre \u00bb.<\/p>\n\n\n\n<p>Sous le poids du marin qui se d\u00e9menait, la fine statue s\u2019\u00e9croula. Les cassidens furent navr\u00e9s de la catastrophe.<\/p>\n\n\n\n<p>Diminu\u00e9e physiquement, on parla longtemps de la belle fontaine, mais personne songea \u00e0 la reconstruire.<\/p>\n\n\n\n<p>La place royale devint la place de la R\u00e9publique. Un figuier sauvage (par graines) vint remplacer la statue. On la d\u00e9pla\u00e7a par deux fois pour les besoins de la circulation.<\/p>\n\n\n\n<p>Quant \u00e0 sa rivale de Paris, elle eut la tragique fin de tout ce qui rappelait, \u00ab&nbsp;aux jours de la grande tourmente \u00ab&nbsp;, les fastes d\u2019un r\u00e9gime ex\u00e9cr\u00e9. Elle fut abattue en 1793 ! La place de la victoire devint la place de la nation.<\/p>\n\n\n\n<p>Vous pourrez admirer en images les deux c\u00e9l\u00e8bres fontaines au mus\u00e9e de Cassis.<\/p>\n\n\n\n<p>Et le proverbe ?<\/p>\n\n\n\n<p>Ma foi le proverbe est rest\u00e9. On l\u2019a simplement amput\u00e9 du mot \u00abfont \u00bb qui signifie fontaine, en fran\u00e7ais, puisqu\u2019il n\u2019y avait plus de fontaine \u00e0 Paris.<\/p>\n\n\n\n<p>Au lieu de comparer les deux monuments entre eux, on en vint, quoique cela soit quelque peu excessif, \u00e0 faire la comparaison entre la grande ville capitale de la France et l\u2019humble village de Provence.Fr\u00e9d\u00e9ric Mistral, dans \u00abcalendal \u00bb, mit le dicton ainsi transform\u00e9 dans la bouche du p\u00e9cheur d\u2019anchois h\u00e9ros de son po\u00e8me, la nouvelle forme devint d\u00e9finitive, \u00e9tant consacr\u00e9e par le grand f\u00e9libre.<\/p>\n\n\n\n<p>Il est ainsi devenu celui que l\u2019on conna\u00eet aujourd\u2019hui et dont l\u2019OFFICE de TOURISME devrait davantage crier car tous ceux qui ont vu Cassis, croient qu\u2019il est vrai.<\/p>\n\n\n\n<p><em>D\u2019apr\u00e8s les lettres de mon grenier.<\/em><\/p>\n\n\n\n<p><em>Andre Jayne<\/em><\/p>\n","protected":false},"excerpt":{"rendered":"<p>Origine du dicton de la ville de Cassis Voici le texte int\u00e9gral des vers de F. MISTRAL qui ont donn\u00e9 naissance au dicton de la ville de Cassis ; en proven\u00e7al Mistralien, c\u2019est \u00e0 dire en classique : \u00bb&nbsp;Si\u00e9u de Cassis, vilo marineE clau de Fran\u00e7o, Dins l\u2019oumbrinoP\u00e8r vautre es amaga lou noum de moun [&hellip;]<\/p>\n","protected":false},"author":2,"featured_media":0,"parent":0,"menu_order":0,"comment_status":"closed","ping_status":"closed","template":"","meta":{"footnotes":""},"class_list":["post-82","page","type-page","status-publish","hentry"],"_links":{"self":[{"href":"https:\/\/legabiandechaine.com\/blog\/index.php\/wp-json\/wp\/v2\/pages\/82","targetHints":{"allow":["GET"]}}],"collection":[{"href":"https:\/\/legabiandechaine.com\/blog\/index.php\/wp-json\/wp\/v2\/pages"}],"about":[{"href":"https:\/\/legabiandechaine.com\/blog\/index.php\/wp-json\/wp\/v2\/types\/page"}],"author":[{"embeddable":true,"href":"https:\/\/legabiandechaine.com\/blog\/index.php\/wp-json\/wp\/v2\/users\/2"}],"replies":[{"embeddable":true,"href":"https:\/\/legabiandechaine.com\/blog\/index.php\/wp-json\/wp\/v2\/comments?post=82"}],"version-history":[{"count":1,"href":"https:\/\/legabiandechaine.com\/blog\/index.php\/wp-json\/wp\/v2\/pages\/82\/revisions"}],"predecessor-version":[{"id":84,"href":"https:\/\/legabiandechaine.com\/blog\/index.php\/wp-json\/wp\/v2\/pages\/82\/revisions\/84"}],"wp:attachment":[{"href":"https:\/\/legabiandechaine.com\/blog\/index.php\/wp-json\/wp\/v2\/media?parent=82"}],"curies":[{"name":"wp","href":"https:\/\/api.w.org\/{rel}","templated":true}]}}