{"id":85,"date":"2025-05-26T17:55:33","date_gmt":"2025-05-26T15:55:33","guid":{"rendered":"http:\/\/legabib.cluster100.hosting.ovh.net\/blog\/?page_id=85"},"modified":"2025-05-26T17:55:33","modified_gmt":"2025-05-26T15:55:33","slug":"pachot-piou-histoires-de-cassidens","status":"publish","type":"page","link":"https:\/\/legabiandechaine.com\/blog\/index.php\/pachot-piou-histoires-de-cassidens\/","title":{"rendered":"Pachot, Piou ? Histoires de cassidens !"},"content":{"rendered":"\n<figure class=\"wp-block-image size-full\"><img loading=\"lazy\" decoding=\"async\" width=\"1000\" height=\"361\" src=\"http:\/\/legabib.cluster100.hosting.ovh.net\/blog\/wp-content\/uploads\/2025\/05\/bandeau-piou.jpg\" alt=\"\" class=\"wp-image-86\" srcset=\"https:\/\/legabiandechaine.com\/blog\/wp-content\/uploads\/2025\/05\/bandeau-piou.jpg 1000w, https:\/\/legabiandechaine.com\/blog\/wp-content\/uploads\/2025\/05\/bandeau-piou-300x108.jpg 300w, https:\/\/legabiandechaine.com\/blog\/wp-content\/uploads\/2025\/05\/bandeau-piou-768x277.jpg 768w\" sizes=\"auto, (max-width: 1000px) 100vw, 1000px\" \/><\/figure>\n\n\n\n<p>Et si je vous racontais quelques histoires bien de chez nous ?<br>Exercice de style, je me transforme en conteur d\u2019un temps que les moins de 20 ans\u2026<\/p>\n\n\n\n<p>La derni\u00e8re fois, vous parlant de mon enfance dans cette partie du village o\u00f9 vivaient principalement les p\u00eacheurs, je me suis dit que je pourrais aussi vous narrer quelques histoires pittoresques, pour pas dire atypiques, de certaines de ces figures qui fa\u00e7onnaient le charme du Cassis ancien.<\/p>\n\n\n\n<p>En parlant de gabian derni\u00e8rement, l\u2019oiseau parfois fort utile quand on porte attention \u00e0 la fa\u00e7on dont il vole, nous renseignant sur la nature du temps et de ses pr\u00e9visions, c\u2019est avant tout un charognard qui peut s\u2019attaquer aux pigeons ou au contenu de votre assiette si vous \u00eates en terrasse, mais qui ne n\u00e9gligera pas la d\u00e9pouille d\u2019un rat.<br>Pr\u00e9f\u00e9rant \u00e0 tout cela le reste de nos poubelles dans les d\u00e9charges municipales.<\/p>\n\n\n\n<p>Introduction un peu trop pr\u00e9cise peut-\u00eatre, mais c\u2019est pour vous parler d\u2019un cassiden, qu\u2019on surnommait Pachot alors qu\u2019il s\u2019appelait Luc, un vieux p\u00eacheur et personnage singulier du Cassis ancien, qui avait racont\u00e9 \u00e0 un ami qu\u2019il en avait mang\u00e9 du gabian ! Beurk !<\/p>\n\n\n\n<p>Pachot est donc une des figures de ce village ancien, qui ne souffrira pas d\u2019un manque de plaisanterie \u00e0 son encontre, racont\u00e9 comme des gal\u00e9jades de r\u00e9cits plus ou moins vrais, mais tr\u00e8s probables connaissant l\u2019oiseau.<\/p>\n\n\n\n<p>Par exemple, \u00e0 cette \u00e9poque \u00e0 Cassis, tr\u00e8s peu d\u2019habitations poss\u00e9daient de commodit\u00e9s sanitaires. Juste la tinette et pour quelques-uns la pile. La pile \u00e9tant un \u00e9vier muni d\u2019un seul r\u00e9ceptacle taill\u00e9 dans la pierre de Cassis puis poli comme le marbre, devenu tr\u00e8s recherch\u00e9 et tendance de nos jours.<br>L\u2019eau, on allait chercher \u00e0 la borne-fontaine sur le port.<\/p>\n\n\n\n<p>Pachot avait son entr\u00e9e rue Anacharsis, sa fen\u00eatre donnant sur le port. Rue qui \u00e9tait peupl\u00e9e principalement de p\u00eacheurs venus d\u2019Italie.<br>On m\u2019a racont\u00e9 (bien s\u00fbr puisque j\u2019\u00e9tais trop jeune) que Pachot faisait ses besoins sur un journal pos\u00e9 \u00e0 terre et qu\u2019ensuite, il emballait la chose avec une deuxi\u00e8me feuille pour la jeter par sa fen\u00eatre, en esp\u00e9rant atteindre l\u2019eau.<\/p>\n\n\n\n<p>Suivant le poids du paquet son projectile allait plus ou moins loin, m\u00eame si vue sa corpulence il devait faire des estrons d\u2019au moins une livre, mais qu\u2019il n\u2019\u00e9tait pas comment dire, le plus adroit de ses mains du village, et bien souvent le paquet atterrissait sur le quai ou sur une des barques amarr\u00e9es au quai, ce qui lui valait quelques vigoureuses remontrances, lui affirmant : non ce n\u2019est pas moi !<\/p>\n\n\n\n<p>.<br>Je pourrais aussi vous raconter une autre histoire que c\u2019est pas une blague, sur cette autre figure du village, personnage haut en couleur, Pierrot JAYNE (dit Piou) fr\u00e8re jumeau d\u2019un surnomm\u00e9 SanSan, une autre figure incontournable lui aussi.<br>Une histoire r\u00e9elle qui m\u2019a \u00e9t\u00e9 cont\u00e9e cette semaine par une amie, alors que nous parlions des docteurs\u2026<\/p>\n\n\n\n<p>Nombre d\u2019entre vous connaissaient Pierrot et son franc-parler sans trop de mots mais opportuns, en grognant presque.<\/p>\n\n\n\n<p>De forte corpulence, un matin marchant avec peine en descendant la rue S\u00e9verin Icard, encore elle, il s\u2019arr\u00eate devant un magasin du bas pour y boire un verre et faire la bazarette et se plaindre d\u2019un probl\u00e8me, qu\u2019il se r\u00e9veille trop t\u00f4t, vers les trois heures, sans pouvoir se rendormir.<\/p>\n\n\n\n<p>Mon amie lui demandant,<br>\u2013 Mais peut-\u00eatre que tu te couches trop t\u00f4t !<\/p>\n\n\n\n<p>\u2013 Non non, lui r\u00e9pondit-il.<\/p>\n\n\n\n<p>A ce moment-l\u00e0 arrive le docteur Bovi qui aillant entendu la conversation, dit \u00e0 Piou,<br>\u2013 A mon avis tu es insomniaque. Si tu veux je peux te prescrire un m\u00e9dicament ?<\/p>\n\n\n\n<p>\u2013 Non non, lui r\u00e9pondit-il, toujours avare de mots.<\/p>\n\n\n\n<p>Poursuivant s\u00e9rieusement une fois que le docteur avait pass\u00e9 le coin de la rue,<br>\u2013 Je suis pas insomniaque, c\u2019est que je dors trop vite !<br>.<br>Voil\u00e0 le genre d\u2019histoires qui font toute la richesse de notre beau village o\u00f9 les habitants ne sont pas en reste pour sortir des gal\u00e9jades, volontairement ou pas.<br>J\u2019ai encore une anecdote qui marque bien la nature des relations dans notre village et surtout l\u2019expression utilis\u00e9e.<br>.<\/p>\n\n\n\n<p>C\u2019est encore un r\u00e9cit d\u2019une rencontre d\u2019une personne qui croise Jeannot Chemin, individu imposant avec du mal \u00e0 se d\u00e9placer, en marche doucement sous le beau soleil d\u2019un jour de printemps, sur le quai \u00e0 la hauteur du restaurant la vieille Auberge en direction du banc des vieux sous la maison des douanes.<\/p>\n\n\n\n<p>\u2013 Oh Jeannot ! En balade ?<\/p>\n\n\n\n<p>\u2013 Ben oui, tu vois bien que je me prom\u00e8ne\u2026<\/p>\n\n\n\n<p>\u2013 Tu as raison, \u00e7a peut te faire que du bien.<br>Ajoutant,<br>\u2013 Tu vas tirer jusqu\u2019\u00e0 la plage ?<\/p>\n\n\n\n<p>\u2013 Mais non couillon, tu rigoles ! Le temps que j\u2019y arrive, c\u2019est l\u2019hiver !<\/p>\n\n\n\n<p>Voil\u00e0 comment \u00e7a se passait \u00e0 Cassis. Chaque occasion \u00e9tait bonne pour se brancher ou se moquer sans m\u00e9chancet\u00e9 et attendre une r\u00e9partie \u00e0 la hauteur, toujours avec humour !<\/p>\n\n\n\n<p>Bon comme vous insistez, encore une petite toute fra\u00eeche de ce matin\u2026 en plein footing sur le port, assis un muret de la place Mirabeau \u00e0 discuter avec deux coll\u00e8gues de boules, arrive le camion de la s\u00e9curit\u00e9 civile et en sort un qu\u2019on connait aussi, qui vient pour distribuer des masques gratuits aux personnes qui ne pouvaient pas se d\u00e9placer en Mairie.<\/p>\n\n\n\n<p>Survient \u00e0 pied encore un autre comp\u00e8re, Daniel, dont le nez n\u2019a rien \u00e0 envier \u00e0 celui de Cyrano-de-Bergerac, qui sera stopp\u00e9 net dans sa promenade, interpel\u00e9 par un de mes deux amis :<\/p>\n\n\n\n<p>\u2013 Oh Dany, tu veux pas un masque gratuit ? V\u00e9, y a Claude qui les distribue au camion !<\/p>\n\n\n\n<p>Ce \u00e0 quoi r\u00e9torque imm\u00e9diatement mon autre coll\u00e8gue :<br>\u2013 Non mais arr\u00eate, y aura pas sa taille, qu\u2019avec le nez qu\u2019il a, y a qu\u2019en Arm\u00e9nie qu\u2019il va le trouver son masque !<br>.<\/p>\n\n\n\n<p>N\u2019y cherchez aucun propos raciste de sa part, m\u00eame si parfois on pourrait en douter, c\u2019est dit sans malice. Les membres de la communaut\u00e9 arm\u00e9nienne sont tr\u00e8s nombreux dans le village, et ne peuvent que se r\u00e9jouir de faire partie de la famille des cassidens. Au m\u00eame titre que les plaisanteries sur les italiens, les juifs ou les arabes\u2026 c\u2019est comme \u00e7a dans le midi !<\/p>\n","protected":false},"excerpt":{"rendered":"<p>Et si je vous racontais quelques histoires bien de chez nous ?Exercice de style, je me transforme en conteur d\u2019un temps que les moins de 20 ans\u2026 La derni\u00e8re fois, vous parlant de mon enfance dans cette partie du village o\u00f9 vivaient principalement les p\u00eacheurs, je me suis dit que je pourrais aussi vous narrer [&hellip;]<\/p>\n","protected":false},"author":2,"featured_media":0,"parent":0,"menu_order":0,"comment_status":"closed","ping_status":"closed","template":"","meta":{"footnotes":""},"class_list":["post-85","page","type-page","status-publish","hentry"],"_links":{"self":[{"href":"https:\/\/legabiandechaine.com\/blog\/index.php\/wp-json\/wp\/v2\/pages\/85","targetHints":{"allow":["GET"]}}],"collection":[{"href":"https:\/\/legabiandechaine.com\/blog\/index.php\/wp-json\/wp\/v2\/pages"}],"about":[{"href":"https:\/\/legabiandechaine.com\/blog\/index.php\/wp-json\/wp\/v2\/types\/page"}],"author":[{"embeddable":true,"href":"https:\/\/legabiandechaine.com\/blog\/index.php\/wp-json\/wp\/v2\/users\/2"}],"replies":[{"embeddable":true,"href":"https:\/\/legabiandechaine.com\/blog\/index.php\/wp-json\/wp\/v2\/comments?post=85"}],"version-history":[{"count":1,"href":"https:\/\/legabiandechaine.com\/blog\/index.php\/wp-json\/wp\/v2\/pages\/85\/revisions"}],"predecessor-version":[{"id":87,"href":"https:\/\/legabiandechaine.com\/blog\/index.php\/wp-json\/wp\/v2\/pages\/85\/revisions\/87"}],"wp:attachment":[{"href":"https:\/\/legabiandechaine.com\/blog\/index.php\/wp-json\/wp\/v2\/media?parent=85"}],"curies":[{"name":"wp","href":"https:\/\/api.w.org\/{rel}","templated":true}]}}