{"id":93,"date":"2025-05-26T18:11:54","date_gmt":"2025-05-26T16:11:54","guid":{"rendered":"http:\/\/legabib.cluster100.hosting.ovh.net\/blog\/?page_id=93"},"modified":"2025-06-01T08:37:56","modified_gmt":"2025-06-01T06:37:56","slug":"video-de-cassis-annees-70","status":"publish","type":"page","link":"https:\/\/legabiandechaine.com\/blog\/index.php\/video-de-cassis-annees-70\/","title":{"rendered":"Vid\u00e9os de Cassis, 1960"},"content":{"rendered":"\n<p><\/p>\n\n\n\n<p>Vid\u00e9o \u00e0 base de films Super 8 num\u00e9ris\u00e9s<br>Document de la famille Siepen ! (Cassis dans les ann\u00e9es 1960)<\/p>\n\n\n\n<figure class=\"wp-block-video\"><video height=\"720\" style=\"aspect-ratio: 1280 \/ 720;\" width=\"1280\" controls src=\"https:\/\/legabiandechaine.com\/blog\/wp-content\/uploads\/2025\/06\/famille.mp4\"><\/video><\/figure>\n","protected":false},"excerpt":{"rendered":"<p>Vid\u00e9o \u00e0 base de films Super 8 num\u00e9ris\u00e9sDocument de la famille Siepen ! (Cassis dans les ann\u00e9es 1960)<\/p>\n","protected":false},"author":2,"featured_media":0,"parent":0,"menu_order":0,"comment_status":"closed","ping_status":"closed","template":"","meta":{"footnotes":""},"class_list":["post-93","page","type-page","status-publish","hentry"],"_links":{"self":[{"href":"https:\/\/legabiandechaine.com\/blog\/index.php\/wp-json\/wp\/v2\/pages\/93","targetHints":{"allow":["GET"]}}],"collection":[{"href":"https:\/\/legabiandechaine.com\/blog\/index.php\/wp-json\/wp\/v2\/pages"}],"about":[{"href":"https:\/\/legabiandechaine.com\/blog\/index.php\/wp-json\/wp\/v2\/types\/page"}],"author":[{"embeddable":true,"href":"https:\/\/legabiandechaine.com\/blog\/index.php\/wp-json\/wp\/v2\/users\/2"}],"replies":[{"embeddable":true,"href":"https:\/\/legabiandechaine.com\/blog\/index.php\/wp-json\/wp\/v2\/comments?post=93"}],"version-history":[{"count":14,"href":"https:\/\/legabiandechaine.com\/blog\/index.php\/wp-json\/wp\/v2\/pages\/93\/revisions"}],"predecessor-version":[{"id":158,"href":"https:\/\/legabiandechaine.com\/blog\/index.php\/wp-json\/wp\/v2\/pages\/93\/revisions\/158"}],"wp:attachment":[{"href":"https:\/\/legabiandechaine.com\/blog\/index.php\/wp-json\/wp\/v2\/media?parent=93"}],"curies":[{"name":"wp","href":"https:\/\/api.w.org\/{rel}","templated":true}]}}